{"id":20,"date":"2022-04-20T13:49:45","date_gmt":"2022-04-20T13:49:45","guid":{"rendered":"https:\/\/chubbfs.com\/es-es\/?page_id=20"},"modified":"2024-07-05T12:16:02","modified_gmt":"2024-07-05T11:16:02","slug":"cookie-policy","status":"publish","type":"page","link":"https:\/\/chubbfs.com\/es-es\/cookie-policy\/","title":{"rendered":"Cookie Policy"},"content":{"rendered":"<p><strong>Aviso sobre cookies<\/strong><\/p>\n<p><strong>\u00a0<\/strong><\/p>\n<p>El presente &#8220;Aviso sobre cookies&#8221; (en adelante, el &#8220;Aviso&#8221;) explica c\u00f3mo y por qu\u00e9 las empresas del Grupo Chubb (tambi\u00e9n denominadas &#8220;Chubb&#8221;, &#8220;nosotros&#8221;, &#8220;nuestro&#8221; y &#8220;nos&#8221;) utilizar\u00e1n diferentes tipos de cookies y tecnolog\u00edas similares en cualquier sitio web o aplicaci\u00f3n (en adelante, el &#8220;Sitio&#8221;) de nuestra propiedad o bajo nuestro control. Este Aviso tambi\u00e9n explica c\u00f3mo puede gestionar las cookies y tecnolog\u00edas similares.<\/p>\n<p>&nbsp;<\/p>\n<p>\u00daltima actualizaci\u00f3n: septiembre de 2023<\/p>\n<p>&nbsp;<\/p>\n<p>Revisamos peri\u00f3dicamente este Aviso y podemos actualizarlo en cualquier momento. Consulte la secci\u00f3n &#8220;\u00daltima actualizaci\u00f3n&#8221; en la parte superior de este Aviso para ver cu\u00e1ndo se modific\u00f3 por \u00faltima vez.\u00a0 Cualquier cambio en este Aviso entrar\u00e1 en vigor cuando pongamos a su disposici\u00f3n el Aviso revisado en o a trav\u00e9s del Sitio. Tambi\u00e9n le recomendamos que consulte este Aviso con regularidad. Le notificaremos cualquier cambio (incluida la fecha de entrada en vigor) si as\u00ed nos lo exigen las leyes de protecci\u00f3n de datos o de privacidad electr\u00f3nica.<\/p>\n<p><strong>\u00a0<\/strong><\/p>\n<p><strong>\u00a0<\/strong><\/p>\n<p><strong>\u00bfQu\u00e9 son las cookies?<\/strong><\/p>\n<p>Cuando visita nuestro sitio web, se generan una o m\u00e1s cookies que se despliegan con su consentimiento, si es necesario.<\/p>\n<p>Las cookies son peque\u00f1os archivos de letras y n\u00fameros que se almacenan en su navegador o en el disco duro de su ordenador (u otros dispositivos con acceso a internet, como un tel\u00e9fono inteligente o una tableta) cuando visita el Sitio. Una cookie suele contener el nombre del sitio web del que procede, su vida \u00fatil (es decir, el tiempo que permanecer\u00e1 en su dispositivo) y un valor, que suele ser un n\u00famero \u00fanico generado aleatoriamente.<\/p>\n<p>Utilizamos cookies para facilitar el uso del Sitio y adaptar mejor nuestra presencia en la web y nuestros productos a sus intereses y necesidades. Las cookies tambi\u00e9n se utilizan para agilizar sus actividades futuras y ofrecerle una experiencia m\u00e1s personalizada en el Sitio.<\/p>\n<p>Algunas cookies pueden procesar sus datos personales (por ejemplo, direcciones IP y otros identificadores en l\u00ednea). Consulte el Aviso de privacidad de Chubb para obtener m\u00e1s informaci\u00f3n sobre el tratamiento de sus datos personales y sus derechos al respecto.<\/p>\n<p>Otras cookies se utilizan para recopilar estad\u00edsticas an\u00f3nimas y agregadas que nos permiten comprender c\u00f3mo utilizan las personas nuestras propiedades web y nos ayudan a mejorar la estructura y el contenido de la web. No podemos identificarle personalmente a partir de esta informaci\u00f3n, aunque se aplican los mismos principios en relaci\u00f3n con estas cookies.<\/p>\n<p>&nbsp;<\/p>\n<p>&nbsp;<\/p>\n<p><strong>Categor\u00edas de cookies utilizadas en el Sitio<\/strong><\/p>\n<p>En el Sitio se utilizar\u00e1n dos tipos de cookies: cookies de sesi\u00f3n y cookies persistentes. Las cookies de sesi\u00f3n son cookies temporales que permanecen en su dispositivo hasta que abandona este Sitio. Una cookie persistente permanece en su dispositivo durante mucho m\u00e1s tiempo o hasta que usted la elimine manualmente (el tiempo que la cookie permanezca en su dispositivo depender\u00e1 de la duraci\u00f3n o vida \u00fatil de la cookie espec\u00edfica y de la configuraci\u00f3n de su navegador).<\/p>\n<p>Hemos agrupado nuestras cookies en las siguientes categor\u00edas para que le resulte m\u00e1s f\u00e1cil entender por qu\u00e9 las utilizamos:<\/p>\n<p>&nbsp;<\/p>\n<ul>\n<li><u>Esenciales\/Necesarias:<\/u> cookies que son esenciales para que el Sitio funcione correctamente. Permiten a los visitantes moverse por nuestro Sitio y utilizar nuestras funciones. Estas cookies evitan fallos, muestran informaci\u00f3n, corrigen errores y garantizan la seguridad de nuestro sitio web. Sin estas cookies, algunas funciones del sitio web no pueden ser proporcionadas. Estas cookies no le identifican como individuo.<\/li>\n<li><u>Funcionales:<\/u> cookies que permiten a nuestras propiedades web reconocerle cuando vuelve al Sitio y recordar las elecciones que hace (como su nombre de usuario, idioma o la regi\u00f3n en la que se encuentra) para ofrecerle una experiencia en l\u00ednea m\u00e1s personalizada. Si no acepta estas cookies, el rendimiento y la funcionalidad del sitio pueden verse afectados y puede restringirse el acceso al contenido web.<\/li>\n<li><u>Anal\u00edticas o de rendimiento:<\/u> cookies que nos ayudan a entender c\u00f3mo interact\u00faan los visitantes con nuestras propiedades web proporcionando informaci\u00f3n sobre las \u00e1reas visitadas, el tiempo pasado en el Sitio y cualquier problema encontrado, como mensajes de error. Nos ayudan a mejorar el rendimiento de nuestro Sitio, nos alertan de cualquier problema y mucho m\u00e1s. Nos dicen lo popular que es una determinada funci\u00f3n o si usted abre un correo electr\u00f3nico que le enviamos. Estas cookies no le identifican como individuo, a menos que se indique lo contrario.<\/li>\n<li><u>Publicitarias: <\/u>cookies que se utilizan para ofrecer a los visitantes anuncios y campa\u00f1as de marketing relevantes. Estas cookies rastrean a los visitantes en todos los sitios web y recopilan informaci\u00f3n para ofrecer anuncios personalizados.<\/li>\n<\/ul>\n<p>&nbsp;<\/p>\n<p><strong>Cookies en este Sitio<\/strong><\/p>\n<p>La siguiente tabla resume los diferentes tipos de cookies que utilizamos en el Sitio, junto con su respectiva finalidad y si su uso implica la transferencia de informaci\u00f3n a terceros:<\/p>\n<p>Las cookies necesarias son absolutamente esenciales para que el sitio web funcione correctamente. Estas cookies garantizan funcionalidades b\u00e1sicas y caracter\u00edsticas de seguridad del sitio web de forma an\u00f3nima. Los tipos de cookies necesarias que utiliza este sitio web y su plugin de cookies son los que se muestran en la siguiente tabla.<\/p>\n<p>&nbsp;<\/p>\n<table width=\"550\">\n<thead>\n<tr>\n<td width=\"153\">Cookie<\/td>\n<td width=\"92\">Duraci\u00f3n<\/td>\n<td width=\"306\">Descripci\u00f3n<\/td>\n<\/tr>\n<\/thead>\n<tbody>\n<tr>\n<td width=\"153\">cookielawinfo-checkbox-analytics<\/td>\n<td width=\"92\">11 meses<\/td>\n<td width=\"306\">Esta cookie es establecida por el plugin GDPR Cookie Consent. La cookie se utiliza para almacenar el consentimiento del usuario para las cookies de la categor\u00eda &#8220;Anal\u00edtica&#8221;.<\/p>\n<p>&nbsp;<\/p>\n<p>Necesaria para el plugin y el sitio web.<\/td>\n<\/tr>\n<tr>\n<td width=\"153\">cookielawinfo-checkbox-functional<\/td>\n<td width=\"92\">11 meses<\/td>\n<td width=\"306\">La cookie se establece por el consentimiento de cookies de RGPD para registrar el consentimiento del usuario para las cookies en la categor\u00eda &#8220;Funcional&#8221;.<\/p>\n<p>Necesaria para el plugin y el sitio web.<\/td>\n<\/tr>\n<tr>\n<td width=\"153\">cookielawinfo-checkbox-necessary<\/td>\n<td width=\"92\">11 meses<\/td>\n<td width=\"306\">Esta cookie es establecida por el plugin GDPR Cookie Consent. Las cookies se utilizan para almacenar el consentimiento del usuario para las cookies en la categor\u00eda &#8220;Necesaria&#8221;.<\/p>\n<p>Necesaria solo para el plugin.<\/td>\n<\/tr>\n<tr>\n<td width=\"153\">cookielawinfo-checkbox-others<\/td>\n<td width=\"92\">11 meses<\/td>\n<td width=\"306\">Esta cookie es establecida por el plugin GDPR Cookie Consent. La cookie se utiliza para almacenar el consentimiento del usuario para las cookies de la categor\u00eda &#8220;Otras&#8221;.<\/p>\n<p>No necesaria.<\/td>\n<\/tr>\n<tr>\n<td width=\"153\">cookielawinfo-checkbox-performance<\/td>\n<td width=\"92\">11 meses<\/td>\n<td width=\"306\">Esta cookie es establecida por el plugin GDPR Cookie Consent. La cookie se utiliza para almacenar el consentimiento del usuario para las cookies de la categor\u00eda &#8220;Rendimiento&#8221;.<\/p>\n<p>No necesaria.<\/td>\n<\/tr>\n<tr>\n<td width=\"153\">viewed_cookie_policy<\/td>\n<td width=\"92\">11 meses<\/td>\n<td width=\"306\">La cookie es establecida por el plugin GDPR Cookie Consent y se utiliza para almacenar si el usuario ha consentido o no el uso de cookies. No almacena ning\u00fan dato personal.<\/p>\n<p>Necesaria para el plugin y el sitio web.<\/td>\n<\/tr>\n<\/tbody>\n<\/table>\n<p>&nbsp;<\/p>\n<p>En algunas p\u00e1ginas web de Chubb pueden utilizarse cookies publicitarias, pero no en todas.<\/p>\n<p>Tenga en cuenta que los siguientes terceros tambi\u00e9n pueden utilizar cookies. Estos terceros mencionados pueden incluir, por ejemplo, redes publicitarias y proveedores de servicios externos como servicios de an\u00e1lisis de tr\u00e1fico web. Es probable que estas cookies de terceros sean cookies anal\u00edticas o cookies de rendimiento o cookies de orientaci\u00f3n. Las cookies de terceros utilizadas en nuestro sitio web incluyen:<\/p>\n<ul>\n<li>Google Analytics<\/li>\n<li>NextRoll<\/li>\n<\/ul>\n<p>Los terceros asociados, entre los que se incluye NextRoll, pero sin limitarse a ellos, nos ayudan a reconocer su dispositivo y a comprender c\u00f3mo utiliza nuestro(s) sitio(s) para que podamos mejorar nuestros servicios a fin de reflejar sus intereses y ofrecerle anuncios sobre los productos o servicios que probablemente sean de mayor inter\u00e9s para usted. En concreto, NextRoll y estos socios recopilan informaci\u00f3n sobre su actividad en nuestro(s) sitio(s) para permitirnos:<\/p>\n<ul>\n<li>medir y analizar el tr\u00e1fico y la actividad de navegaci\u00f3n en nuestro(s) sitio(s)<\/li>\n<li>mostrarle publicidad de nuestros productos y servicios en sitios de terceros<\/li>\n<li>medir y analizar el rendimiento de nuestras campa\u00f1as publicitarias<\/li>\n<\/ul>\n<p>Para m\u00e1s informaci\u00f3n sobre las tecnolog\u00edas utilizadas por NextRoll, consulte el\u00a0<a href=\"https:\/\/www.nextroll.com\/privacy\">Aviso de privacidad de NextRoll<\/a>.<\/p>\n<p>&nbsp;<\/p>\n<p><strong>Exclusi\u00f3n voluntaria\u00a0<\/strong><\/p>\n<p>Nuestros socios, entre los que se incluye NextRoll, pueden utilizar tecnolog\u00edas sin cookies que pueden no verse afectadas por la configuraci\u00f3n del navegador que bloquea las cookies. Es posible que su navegador no le permita bloquear dichas tecnolog\u00edas. Por este motivo, puede utilizar las siguientes herramientas de terceros para rechazar la recopilaci\u00f3n y el uso de informaci\u00f3n con el fin de ofrecerle publicidad basada en sus intereses:<\/p>\n<ul>\n<li><a href=\"http:\/\/www.networkadvertising.org\/choices\/\">La plataforma de exclusi\u00f3n voluntaria de NAI<\/a><\/li>\n<li><a href=\"http:\/\/www.youronlinechoices.com\/\">La plataforma de exclusi\u00f3n voluntaria de EDAA<\/a><\/li>\n<li><a href=\"https:\/\/optout.aboutads.info\/?c=2&amp;lang=EN\">La plataforma de exclusi\u00f3n voluntaria de DAA<\/a><\/li>\n<\/ul>\n<p>&nbsp;<\/p>\n<p><strong>Gesti\u00f3n de cookies en su dispositivo<\/strong><\/p>\n<p>Cuando acceda a los sitios web de Chubb por primera vez, se le pedir\u00e1 que tome decisiones sobre sus preferencias de cookies a trav\u00e9s del complemento de cookies que aparecer\u00e1 en su pantalla. Aunque las cookies necesarias siempre estar\u00e1n habilitadas, puede tomar sus propias decisiones con respecto a otros tipos de cookies. Despu\u00e9s de su primera visita, es posible que ocasionalmente se le pida que valide sus preferencias de cookies en futuras visitas a los sitios web.<\/p>\n<p>Tambi\u00e9n puede gestionar qu\u00e9 cookies opcionales se instalan en su dispositivo en cualquier momento. Para ello, puede configurar el navegador en consecuencia. En internet encontrar\u00e1 informaci\u00f3n sobre c\u00f3mo controlar las cookies en los navegadores m\u00e1s habituales.<\/p>\n<p>&nbsp;<\/p>\n<p>Tambi\u00e9n puede darse de baja de Google Analytics en todos los sitios web haciendo clic en <a href=\"http:\/\/tools.googke.com\/dlpage\/gaoptout\">http:\/\/tools.googke.com\/dlpage\/gaoptout<\/a>.<\/p>\n<p>&nbsp;<\/p>\n<p>Para m\u00e1s informaci\u00f3n sobre otros navegadores y tipos de dispositivos, consulte <a href=\"http:\/\/www.aboutcookies.org\">http:\/\/www.aboutcookies.org<\/a> o <a href=\"http:\/\/www.cookiecentral.com\/faq\/\">http:\/\/www.cookiecentral.com\/faq\/<\/a>.<\/p>\n<p>&nbsp;<\/p>\n<p>Tenga en cuenta que si desactiva las cookies que utilizamos, esto puede afectar a su experiencia de usuario mientras utiliza el Sitio y tambi\u00e9n podr\u00eda significar que no pueda acceder a la totalidad o a partes de nuestro sitio web.<\/p>\n<p>&nbsp;<\/p>\n","protected":false},"excerpt":{"rendered":"<p>Aviso sobre cookies \u00a0 El presente &#8220;Aviso sobre cookies&#8221; (en adelante, el &#8220;Aviso&#8221;) explica c\u00f3mo y por qu\u00e9 las empresas del Grupo Chubb (tambi\u00e9n denominadas &#8220;Chubb&#8221;, &#8220;nosotros&#8221;, &#8220;nuestro&#8221; y &#8220;nos&#8221;) utilizar\u00e1n diferentes tipos de cookies y tecnolog\u00edas similares en cualquier sitio web o aplicaci\u00f3n (en adelante, el &#8220;Sitio&#8221;) de nuestra propiedad o bajo nuestro control&#8230;.<\/p>\n","protected":false},"author":3,"featured_media":0,"parent":0,"menu_order":104,"comment_status":"closed","ping_status":"closed","template":"page-basic.php","meta":{"_acf_changed":false,"_searchwp_excluded":"","inline_featured_image":false,"footnotes":""},"class_list":["post-20","page","type-page","status-publish","hentry"],"acf":[],"yoast_head":"<!-- This site is optimized with the Yoast SEO plugin v25.1 - https:\/\/yoast.com\/wordpress\/plugins\/seo\/ -->\n<title>Pol\u00edtica de Cookies - Chubb Fire &amp; Security<\/title>\n<meta name=\"description\" content=\"Pol\u00edtica de cookies: Informaci\u00f3n detallada sobre el uso de cookies en el sitio web de Chubb.\" \/>\n<meta name=\"robots\" content=\"index, follow, max-snippet:-1, max-image-preview:large, max-video-preview:-1\" \/>\n<link rel=\"canonical\" href=\"https:\/\/chubbfs.com\/es-es\/cookie-policy\/\" \/>\n<meta property=\"og:locale\" content=\"es_ES\" \/>\n<meta property=\"og:type\" content=\"article\" \/>\n<meta property=\"og:title\" content=\"Pol\u00edtica de Cookies - Chubb Fire &amp; Security\" \/>\n<meta property=\"og:description\" content=\"Pol\u00edtica de cookies: Informaci\u00f3n detallada sobre el uso de cookies en el sitio web de Chubb.\" \/>\n<meta property=\"og:url\" content=\"https:\/\/chubbfs.com\/es-es\/cookie-policy\/\" \/>\n<meta property=\"og:site_name\" content=\"Chubb Fire &amp; Security: ES-ES\" \/>\n<meta property=\"article:modified_time\" content=\"2024-07-05T11:16:02+00:00\" \/>\n<meta name=\"twitter:card\" content=\"summary_large_image\" \/>\n<meta name=\"twitter:label1\" content=\"Est. reading time\" \/>\n\t<meta name=\"twitter:data1\" content=\"7 minutes\" \/>\n<script type=\"application\/ld+json\" class=\"yoast-schema-graph\">{\"@context\":\"https:\/\/schema.org\",\"@graph\":[{\"@type\":\"WebPage\",\"@id\":\"https:\/\/chubbfs.com\/es-es\/cookie-policy\/\",\"url\":\"https:\/\/chubbfs.com\/es-es\/cookie-policy\/\",\"name\":\"Pol\u00edtica de Cookies - Chubb Fire & Security\",\"isPartOf\":{\"@id\":\"https:\/\/chubbfs.com\/es-es\/#website\"},\"datePublished\":\"2022-04-20T13:49:45+00:00\",\"dateModified\":\"2024-07-05T11:16:02+00:00\",\"description\":\"Pol\u00edtica de cookies: Informaci\u00f3n detallada sobre el uso de cookies en el sitio web de Chubb.\",\"inLanguage\":\"es-ES\",\"potentialAction\":[{\"@type\":\"ReadAction\",\"target\":[\"https:\/\/chubbfs.com\/es-es\/cookie-policy\/\"]}]},{\"@type\":\"WebSite\",\"@id\":\"https:\/\/chubbfs.com\/es-es\/#website\",\"url\":\"https:\/\/chubbfs.com\/es-es\/\",\"name\":\"Chubb Fire &amp; Security: ES-ES\",\"description\":\"Seguridad Electr\u00f3nica y Protecci\u00f3n contra Incendios\",\"potentialAction\":[{\"@type\":\"SearchAction\",\"target\":{\"@type\":\"EntryPoint\",\"urlTemplate\":\"https:\/\/chubbfs.com\/es-es\/?s={search_term_string}\"},\"query-input\":{\"@type\":\"PropertyValueSpecification\",\"valueRequired\":true,\"valueName\":\"search_term_string\"}}],\"inLanguage\":\"es-ES\"}]}<\/script>\n<!-- \/ Yoast SEO plugin. -->","yoast_head_json":{"title":"Pol\u00edtica de Cookies - Chubb Fire & Security","description":"Pol\u00edtica de cookies: Informaci\u00f3n detallada sobre el uso de cookies en el sitio web de Chubb.","robots":{"index":"index","follow":"follow","max-snippet":"max-snippet:-1","max-image-preview":"max-image-preview:large","max-video-preview":"max-video-preview:-1"},"canonical":"https:\/\/chubbfs.com\/es-es\/cookie-policy\/","og_locale":"es_ES","og_type":"article","og_title":"Pol\u00edtica de Cookies - Chubb Fire & Security","og_description":"Pol\u00edtica de cookies: Informaci\u00f3n detallada sobre el uso de cookies en el sitio web de Chubb.","og_url":"https:\/\/chubbfs.com\/es-es\/cookie-policy\/","og_site_name":"Chubb Fire &amp; Security: ES-ES","article_modified_time":"2024-07-05T11:16:02+00:00","twitter_card":"summary_large_image","twitter_misc":{"Est. reading time":"7 minutes"},"schema":{"@context":"https:\/\/schema.org","@graph":[{"@type":"WebPage","@id":"https:\/\/chubbfs.com\/es-es\/cookie-policy\/","url":"https:\/\/chubbfs.com\/es-es\/cookie-policy\/","name":"Pol\u00edtica de Cookies - Chubb Fire & Security","isPartOf":{"@id":"https:\/\/chubbfs.com\/es-es\/#website"},"datePublished":"2022-04-20T13:49:45+00:00","dateModified":"2024-07-05T11:16:02+00:00","description":"Pol\u00edtica de cookies: Informaci\u00f3n detallada sobre el uso de cookies en el sitio web de Chubb.","inLanguage":"es-ES","potentialAction":[{"@type":"ReadAction","target":["https:\/\/chubbfs.com\/es-es\/cookie-policy\/"]}]},{"@type":"WebSite","@id":"https:\/\/chubbfs.com\/es-es\/#website","url":"https:\/\/chubbfs.com\/es-es\/","name":"Chubb Fire &amp; Security: ES-ES","description":"Seguridad Electr\u00f3nica y Protecci\u00f3n contra Incendios","potentialAction":[{"@type":"SearchAction","target":{"@type":"EntryPoint","urlTemplate":"https:\/\/chubbfs.com\/es-es\/?s={search_term_string}"},"query-input":{"@type":"PropertyValueSpecification","valueRequired":true,"valueName":"search_term_string"}}],"inLanguage":"es-ES"}]}},"_links":{"self":[{"href":"https:\/\/chubbfs.com\/es-es\/wp-json\/wp\/v2\/pages\/20","targetHints":{"allow":["GET"]}}],"collection":[{"href":"https:\/\/chubbfs.com\/es-es\/wp-json\/wp\/v2\/pages"}],"about":[{"href":"https:\/\/chubbfs.com\/es-es\/wp-json\/wp\/v2\/types\/page"}],"author":[{"embeddable":true,"href":"https:\/\/chubbfs.com\/es-es\/wp-json\/wp\/v2\/users\/3"}],"replies":[{"embeddable":true,"href":"https:\/\/chubbfs.com\/es-es\/wp-json\/wp\/v2\/comments?post=20"}],"version-history":[{"count":1,"href":"https:\/\/chubbfs.com\/es-es\/wp-json\/wp\/v2\/pages\/20\/revisions"}],"predecessor-version":[{"id":6685,"href":"https:\/\/chubbfs.com\/es-es\/wp-json\/wp\/v2\/pages\/20\/revisions\/6685"}],"wp:attachment":[{"href":"https:\/\/chubbfs.com\/es-es\/wp-json\/wp\/v2\/media?parent=20"}],"curies":[{"name":"wp","href":"https:\/\/api.w.org\/{rel}","templated":true}]}}