{"id":20,"date":"2022-04-20T13:49:45","date_gmt":"2022-04-20T13:49:45","guid":{"rendered":"https:\/\/chubbfs.com\/de-de\/?page_id=20"},"modified":"2025-07-17T13:22:26","modified_gmt":"2025-07-17T13:22:26","slug":"impressum","status":"publish","type":"page","link":"https:\/\/chubbfs.com\/de-de\/impressum\/","title":{"rendered":"Impressum"},"content":{"rendered":"<div class=\"article-title h2\"><\/div>\n<div class=\"article-body\">\n<table style=\"height: 340px\" border=\"0\" width=\"805\" cellspacing=\"1\" cellpadding=\"1\">\n<tbody>\n<tr>\n<td class=\"\">Chubb Deutschland GmbH<br \/>\nLangenhorner Chaussee 623 &#8211; 625<br \/>\n22419 Hamburg<br \/>\nTelefon 040 611611 &#8211; 0<br \/>\nTelefax 040 611611 &#8211; 98<br \/>\n<a href=\"mailto:de_info@chubbfs.com\">de_info@chubbfs.com<\/a><br \/>\n<a href=\"https:\/\/www.chubbfs.com\/de-de\" target=\"_blank\" rel=\"noopener\">www.chubbfs.com<\/a><br \/>\nGesch\u00e4ftsf\u00fchrer: David Guerin, Patrick Schwarz<br \/>\nFirmensitz: Hamburg<br \/>\nHandelsregister Amtsgericht Hamburg<br \/>\nHRB 75848<br \/>\nUST-ID Nummer: DE 815503877<\/td>\n<td>Chubb Deutschland GmbH &#8211; Gesch\u00e4ftsbereich L\u00f6schtechnik<br \/>\nLangenhorner Chaussee 623 &#8211; 625<br \/>\n22419 Hamburg<br \/>\nTelefon 02102 5790-0<br \/>\nTelefax 02102 5790-109<br \/>\n<a href=\"mailto:de_loeschtechnik@chubbfs.com\">de_loeschtechnik@chubbfs.com<\/a><br \/>\n<a href=\"https:\/\/www.chubbfs.com\/de-de\" target=\"_blank\" rel=\"noopener\">www.chubbfs.com<\/a><br \/>\nGesch\u00e4ftsf\u00fchrer: David Guerin, Patrick Schwarz<br \/>\nFirmensitz: Hamburg<br \/>\nHandelsregister Amtsgericht Hamburg<br \/>\nHRB-Nummer 75848<br \/>\nUST-ID Nummer: DE 815503877<\/td>\n<\/tr>\n<\/tbody>\n<\/table>\n<p>Verantwortlich f\u00fcr den Inhalt dieser Webseite: Sonja Ewers<\/p>\n<p>Datenschutzbeauftragte:<br \/>\nAurea Kindshofer<br \/>\n<a href=\"mailto:de_datenschutz@chubbfs.com\" target=\"_blank\" rel=\"noopener\">de_datenschutz@chubbfs.com<\/a><\/p>\n<p>Chubb Deutschland GmbH is a part of APi Group Corporation (NYSE: APG).<\/p>\n<p><strong>Haftungsauschluss\u00a0<\/strong><\/p>\n<p>Au\u00dfergerichtliche Streitschlichtung<\/p>\n<p><em>Hinweis nach VSBG (Verbraucherstreitbeilegungsgesetz)<\/em><\/p>\n<p>Gem\u00e4\u00df \u00a7 36 VSBG (Verbraucherstreitbeteiligungsgesetz) ist der Unternehmer verpflichtet, den Verbraucher \u00fcber die M\u00f6glichkeit einer Teilnahme an einem Streitbeilegungsverfahren vor einer Verbraucherschlichtungsstellt zu informieren. N\u00e4here Informationen finden Sie auf unter\u00a0<a href=\"http:\/\/www.verbraucher-schlichter.de.\/\">www.verbraucher-schlichter.de.<\/a>\u00a0Die Chubb Deutschland GmbH ist nicht bereit oder verpflichtet, an einem solchen Streitbeilegungsverfahren teilzunehmen.<\/p>\n<p>Hinweis nach ODR (EU Online Dispute Resolution)<\/p>\n<\/div>\n","protected":false},"excerpt":{"rendered":"<p>Chubb Deutschland GmbH Langenhorner Chaussee 623 &#8211; 625 22419 Hamburg Telefon 040 611611 &#8211; 0 Telefax 040 611611 &#8211; 98 de_info@chubbfs.com www.chubbfs.com Gesch\u00e4ftsf\u00fchrer: David Guerin, Patrick Schwarz Firmensitz: Hamburg Handelsregister Amtsgericht Hamburg HRB 75848 UST-ID Nummer: DE 815503877 Chubb Deutschland GmbH &#8211; Gesch\u00e4ftsbereich L\u00f6schtechnik Langenhorner Chaussee 623 &#8211; 625 22419 Hamburg Telefon 02102 5790-0 Telefax&#8230;<\/p>\n","protected":false},"author":3,"featured_media":0,"parent":0,"menu_order":104,"comment_status":"closed","ping_status":"closed","template":"page-basic.php","meta":{"_acf_changed":false,"_searchwp_excluded":"","inline_featured_image":false,"footnotes":""},"class_list":["post-20","page","type-page","status-publish","hentry"],"acf":[],"yoast_head":"<!-- This site is optimized with the Yoast SEO plugin v25.1 - https:\/\/yoast.com\/wordpress\/plugins\/seo\/ -->\n<title>Impressum<\/title>\n<meta name=\"description\" content=\"Im Impressum der Chubb Deutschland GmbH finden Sie alle relevanten rechtlichen Angaben.\" \/>\n<meta name=\"robots\" content=\"noindex, follow, max-snippet:-1, max-image-preview:large, max-video-preview:-1\" \/>\n<meta property=\"og:locale\" content=\"en_GB\" \/>\n<meta property=\"og:type\" content=\"article\" \/>\n<meta property=\"og:title\" content=\"Impressum\" \/>\n<meta property=\"og:description\" content=\"Im Impressum der Chubb Deutschland GmbH finden Sie alle relevanten rechtlichen Angaben.\" \/>\n<meta property=\"og:url\" content=\"https:\/\/chubbfs.com\/de-de\/impressum\/\" \/>\n<meta property=\"og:site_name\" content=\"Chubb Fire &amp; Security : DE - DE\" \/>\n<meta property=\"article:modified_time\" content=\"2025-07-17T13:22:26+00:00\" \/>\n<meta name=\"twitter:card\" content=\"summary_large_image\" \/>\n<meta name=\"twitter:label1\" content=\"Est. reading time\" \/>\n\t<meta name=\"twitter:data1\" content=\"1 minute\" \/>\n<script type=\"application\/ld+json\" class=\"yoast-schema-graph\">{\"@context\":\"https:\/\/schema.org\",\"@graph\":[{\"@type\":\"WebPage\",\"@id\":\"https:\/\/chubbfs.com\/de-de\/impressum\/\",\"url\":\"https:\/\/chubbfs.com\/de-de\/impressum\/\",\"name\":\"Impressum\",\"isPartOf\":{\"@id\":\"https:\/\/chubbfs.com\/de-de\/#website\"},\"datePublished\":\"2022-04-20T13:49:45+00:00\",\"dateModified\":\"2025-07-17T13:22:26+00:00\",\"description\":\"Im Impressum der Chubb Deutschland GmbH finden Sie alle relevanten rechtlichen Angaben.\",\"inLanguage\":\"en-GB\",\"potentialAction\":[{\"@type\":\"ReadAction\",\"target\":[\"https:\/\/chubbfs.com\/de-de\/impressum\/\"]}]},{\"@type\":\"WebSite\",\"@id\":\"https:\/\/chubbfs.com\/de-de\/#website\",\"url\":\"https:\/\/chubbfs.com\/de-de\/\",\"name\":\"Chubb Fire &amp; Security : DE - DE\",\"description\":\"Just another WordPress site\",\"potentialAction\":[{\"@type\":\"SearchAction\",\"target\":{\"@type\":\"EntryPoint\",\"urlTemplate\":\"https:\/\/chubbfs.com\/de-de\/?s={search_term_string}\"},\"query-input\":{\"@type\":\"PropertyValueSpecification\",\"valueRequired\":true,\"valueName\":\"search_term_string\"}}],\"inLanguage\":\"en-GB\"}]}<\/script>\n<!-- \/ Yoast SEO plugin. -->","yoast_head_json":{"title":"Impressum","description":"Im Impressum der Chubb Deutschland GmbH finden Sie alle relevanten rechtlichen Angaben.","robots":{"index":"noindex","follow":"follow","max-snippet":"max-snippet:-1","max-image-preview":"max-image-preview:large","max-video-preview":"max-video-preview:-1"},"og_locale":"en_GB","og_type":"article","og_title":"Impressum","og_description":"Im Impressum der Chubb Deutschland GmbH finden Sie alle relevanten rechtlichen Angaben.","og_url":"https:\/\/chubbfs.com\/de-de\/impressum\/","og_site_name":"Chubb Fire &amp; Security : DE - DE","article_modified_time":"2025-07-17T13:22:26+00:00","twitter_card":"summary_large_image","twitter_misc":{"Est. reading time":"1 minute"},"schema":{"@context":"https:\/\/schema.org","@graph":[{"@type":"WebPage","@id":"https:\/\/chubbfs.com\/de-de\/impressum\/","url":"https:\/\/chubbfs.com\/de-de\/impressum\/","name":"Impressum","isPartOf":{"@id":"https:\/\/chubbfs.com\/de-de\/#website"},"datePublished":"2022-04-20T13:49:45+00:00","dateModified":"2025-07-17T13:22:26+00:00","description":"Im Impressum der Chubb Deutschland GmbH finden Sie alle relevanten rechtlichen Angaben.","inLanguage":"en-GB","potentialAction":[{"@type":"ReadAction","target":["https:\/\/chubbfs.com\/de-de\/impressum\/"]}]},{"@type":"WebSite","@id":"https:\/\/chubbfs.com\/de-de\/#website","url":"https:\/\/chubbfs.com\/de-de\/","name":"Chubb Fire &amp; Security : DE - DE","description":"Just another WordPress site","potentialAction":[{"@type":"SearchAction","target":{"@type":"EntryPoint","urlTemplate":"https:\/\/chubbfs.com\/de-de\/?s={search_term_string}"},"query-input":{"@type":"PropertyValueSpecification","valueRequired":true,"valueName":"search_term_string"}}],"inLanguage":"en-GB"}]}},"_links":{"self":[{"href":"https:\/\/chubbfs.com\/de-de\/wp-json\/wp\/v2\/pages\/20","targetHints":{"allow":["GET"]}}],"collection":[{"href":"https:\/\/chubbfs.com\/de-de\/wp-json\/wp\/v2\/pages"}],"about":[{"href":"https:\/\/chubbfs.com\/de-de\/wp-json\/wp\/v2\/types\/page"}],"author":[{"embeddable":true,"href":"https:\/\/chubbfs.com\/de-de\/wp-json\/wp\/v2\/users\/3"}],"replies":[{"embeddable":true,"href":"https:\/\/chubbfs.com\/de-de\/wp-json\/wp\/v2\/comments?post=20"}],"version-history":[{"count":5,"href":"https:\/\/chubbfs.com\/de-de\/wp-json\/wp\/v2\/pages\/20\/revisions"}],"predecessor-version":[{"id":11304,"href":"https:\/\/chubbfs.com\/de-de\/wp-json\/wp\/v2\/pages\/20\/revisions\/11304"}],"wp:attachment":[{"href":"https:\/\/chubbfs.com\/de-de\/wp-json\/wp\/v2\/media?parent=20"}],"curies":[{"name":"wp","href":"https:\/\/api.w.org\/{rel}","templated":true}]}}