{"id":11671,"date":"2026-04-07T16:57:59","date_gmt":"2026-04-07T16:57:59","guid":{"rendered":"https:\/\/chubbfs.com\/de-de\/?page_id=11671"},"modified":"2026-05-13T10:25:16","modified_gmt":"2026-05-13T10:25:16","slug":"logistik-sicherheit","status":"publish","type":"page","link":"https:\/\/chubbfs.com\/de-de\/branchenloesungen\/logistik-sicherheit\/","title":{"rendered":"Logistik"},"content":{"rendered":"","protected":false},"excerpt":{"rendered":"","protected":false},"author":69,"featured_media":0,"parent":8,"menu_order":0,"comment_status":"closed","ping_status":"closed","template":"page-with-intro-top.php","meta":{"_acf_changed":false,"_searchwp_excluded":"","inline_featured_image":false,"footnotes":""},"class_list":["post-11671","page","type-page","status-publish","hentry"],"acf":[],"yoast_head":"<!-- This site is optimized with the Yoast SEO plugin v25.1 - https:\/\/yoast.com\/wordpress\/plugins\/seo\/ -->\n<title>Sicherheitsl\u00f6sungen f\u00fcr Logistik &amp; Lagerhaltung | Chubb Deutschland<\/title>\n<meta name=\"description\" content=\"Wir sch\u00fctzen Logistikzentren &amp; Lagerhallen: Brandschutz, Einbruchmeldetechnik, KI-Video &amp; Connected Services mit 24\/7 NSL-Aufschaltung. Zertifizierter Errichter.\" \/>\n<meta name=\"robots\" content=\"noindex, follow, max-snippet:-1, max-image-preview:large, max-video-preview:-1\" \/>\n<meta property=\"og:locale\" content=\"en_GB\" \/>\n<meta property=\"og:type\" content=\"article\" \/>\n<meta property=\"og:title\" content=\"Sicherheitsl\u00f6sungen f\u00fcr Logistik &amp; Lagerhaltung | Chubb Deutschland\" \/>\n<meta property=\"og:description\" content=\"Wir sch\u00fctzen Logistikzentren &amp; Lagerhallen: Brandschutz, Einbruchmeldetechnik, KI-Video &amp; Connected Services mit 24\/7 NSL-Aufschaltung. Zertifizierter Errichter.\" \/>\n<meta property=\"og:url\" content=\"https:\/\/chubbfs.com\/de-de\/branchenloesungen\/logistik-sicherheit\/\" \/>\n<meta property=\"og:site_name\" content=\"Chubb Fire &amp; Security : DE - DE\" \/>\n<meta property=\"article:modified_time\" content=\"2026-05-13T10:25:16+00:00\" \/>\n<meta name=\"twitter:card\" content=\"summary_large_image\" \/>\n<meta name=\"twitter:label1\" content=\"Est. reading time\" \/>\n\t<meta name=\"twitter:data1\" content=\"5 minutes\" \/>\n<script type=\"application\/ld+json\" class=\"yoast-schema-graph\">{\"@context\":\"https:\/\/schema.org\",\"@graph\":[{\"@type\":\"WebPage\",\"@id\":\"https:\/\/chubbfs.com\/de-de\/branchenloesungen\/logistik-sicherheit\/\",\"url\":\"https:\/\/chubbfs.com\/de-de\/branchenloesungen\/logistik-sicherheit\/\",\"name\":\"Sicherheitsl\u00f6sungen f\u00fcr Logistik & Lagerhaltung | Chubb Deutschland\",\"isPartOf\":{\"@id\":\"https:\/\/chubbfs.com\/de-de\/#website\"},\"datePublished\":\"2026-04-07T16:57:59+00:00\",\"dateModified\":\"2026-05-13T10:25:16+00:00\",\"description\":\"Wir sch\u00fctzen Logistikzentren & Lagerhallen: Brandschutz, Einbruchmeldetechnik, KI-Video & Connected Services mit 24\/7 NSL-Aufschaltung. Zertifizierter Errichter.\",\"breadcrumb\":{\"@id\":\"https:\/\/chubbfs.com\/de-de\/branchenloesungen\/logistik-sicherheit\/#breadcrumb\"},\"inLanguage\":\"en-GB\",\"potentialAction\":[{\"@type\":\"ReadAction\",\"target\":[\"https:\/\/chubbfs.com\/de-de\/branchenloesungen\/logistik-sicherheit\/\"]}]},{\"@type\":\"BreadcrumbList\",\"@id\":\"https:\/\/chubbfs.com\/de-de\/branchenloesungen\/logistik-sicherheit\/#breadcrumb\",\"itemListElement\":[{\"@type\":\"ListItem\",\"position\":1,\"name\":\"Branchenl\u00f6sungen\",\"item\":\"https:\/\/chubbfs.com\/de-de\/branchenloesungen\/\"},{\"@type\":\"ListItem\",\"position\":2,\"name\":\"Logistik\"}]},{\"@type\":\"WebSite\",\"@id\":\"https:\/\/chubbfs.com\/de-de\/#website\",\"url\":\"https:\/\/chubbfs.com\/de-de\/\",\"name\":\"Chubb Fire &amp; Security : DE - DE\",\"description\":\"Just another WordPress site\",\"potentialAction\":[{\"@type\":\"SearchAction\",\"target\":{\"@type\":\"EntryPoint\",\"urlTemplate\":\"https:\/\/chubbfs.com\/de-de\/?s={search_term_string}\"},\"query-input\":{\"@type\":\"PropertyValueSpecification\",\"valueRequired\":true,\"valueName\":\"search_term_string\"}}],\"inLanguage\":\"en-GB\"}]}<\/script>\n<!-- \/ Yoast SEO plugin. -->","yoast_head_json":{"title":"Sicherheitsl\u00f6sungen f\u00fcr Logistik & Lagerhaltung | Chubb Deutschland","description":"Wir sch\u00fctzen Logistikzentren & Lagerhallen: Brandschutz, Einbruchmeldetechnik, KI-Video & Connected Services mit 24\/7 NSL-Aufschaltung. Zertifizierter Errichter.","robots":{"index":"noindex","follow":"follow","max-snippet":"max-snippet:-1","max-image-preview":"max-image-preview:large","max-video-preview":"max-video-preview:-1"},"og_locale":"en_GB","og_type":"article","og_title":"Sicherheitsl\u00f6sungen f\u00fcr Logistik & Lagerhaltung | Chubb Deutschland","og_description":"Wir sch\u00fctzen Logistikzentren & Lagerhallen: Brandschutz, Einbruchmeldetechnik, KI-Video & Connected Services mit 24\/7 NSL-Aufschaltung. Zertifizierter Errichter.","og_url":"https:\/\/chubbfs.com\/de-de\/branchenloesungen\/logistik-sicherheit\/","og_site_name":"Chubb Fire &amp; Security : DE - DE","article_modified_time":"2026-05-13T10:25:16+00:00","twitter_card":"summary_large_image","twitter_misc":{"Est. reading time":"5 minutes"},"schema":{"@context":"https:\/\/schema.org","@graph":[{"@type":"WebPage","@id":"https:\/\/chubbfs.com\/de-de\/branchenloesungen\/logistik-sicherheit\/","url":"https:\/\/chubbfs.com\/de-de\/branchenloesungen\/logistik-sicherheit\/","name":"Sicherheitsl\u00f6sungen f\u00fcr Logistik & Lagerhaltung | Chubb Deutschland","isPartOf":{"@id":"https:\/\/chubbfs.com\/de-de\/#website"},"datePublished":"2026-04-07T16:57:59+00:00","dateModified":"2026-05-13T10:25:16+00:00","description":"Wir sch\u00fctzen Logistikzentren & Lagerhallen: Brandschutz, Einbruchmeldetechnik, KI-Video & Connected Services mit 24\/7 NSL-Aufschaltung. Zertifizierter Errichter.","breadcrumb":{"@id":"https:\/\/chubbfs.com\/de-de\/branchenloesungen\/logistik-sicherheit\/#breadcrumb"},"inLanguage":"en-GB","potentialAction":[{"@type":"ReadAction","target":["https:\/\/chubbfs.com\/de-de\/branchenloesungen\/logistik-sicherheit\/"]}]},{"@type":"BreadcrumbList","@id":"https:\/\/chubbfs.com\/de-de\/branchenloesungen\/logistik-sicherheit\/#breadcrumb","itemListElement":[{"@type":"ListItem","position":1,"name":"Branchenl\u00f6sungen","item":"https:\/\/chubbfs.com\/de-de\/branchenloesungen\/"},{"@type":"ListItem","position":2,"name":"Logistik"}]},{"@type":"WebSite","@id":"https:\/\/chubbfs.com\/de-de\/#website","url":"https:\/\/chubbfs.com\/de-de\/","name":"Chubb Fire &amp; Security : DE - DE","description":"Just another WordPress site","potentialAction":[{"@type":"SearchAction","target":{"@type":"EntryPoint","urlTemplate":"https:\/\/chubbfs.com\/de-de\/?s={search_term_string}"},"query-input":{"@type":"PropertyValueSpecification","valueRequired":true,"valueName":"search_term_string"}}],"inLanguage":"en-GB"}]}},"_links":{"self":[{"href":"https:\/\/chubbfs.com\/de-de\/wp-json\/wp\/v2\/pages\/11671","targetHints":{"allow":["GET"]}}],"collection":[{"href":"https:\/\/chubbfs.com\/de-de\/wp-json\/wp\/v2\/pages"}],"about":[{"href":"https:\/\/chubbfs.com\/de-de\/wp-json\/wp\/v2\/types\/page"}],"author":[{"embeddable":true,"href":"https:\/\/chubbfs.com\/de-de\/wp-json\/wp\/v2\/users\/69"}],"replies":[{"embeddable":true,"href":"https:\/\/chubbfs.com\/de-de\/wp-json\/wp\/v2\/comments?post=11671"}],"version-history":[{"count":25,"href":"https:\/\/chubbfs.com\/de-de\/wp-json\/wp\/v2\/pages\/11671\/revisions"}],"predecessor-version":[{"id":11958,"href":"https:\/\/chubbfs.com\/de-de\/wp-json\/wp\/v2\/pages\/11671\/revisions\/11958"}],"up":[{"embeddable":true,"href":"https:\/\/chubbfs.com\/de-de\/wp-json\/wp\/v2\/pages\/8"}],"wp:attachment":[{"href":"https:\/\/chubbfs.com\/de-de\/wp-json\/wp\/v2\/media?parent=11671"}],"curies":[{"name":"wp","href":"https:\/\/api.w.org\/{rel}","templated":true}]}}