{"id":6062,"date":"2022-09-07T11:57:47","date_gmt":"2022-09-07T11:57:47","guid":{"rendered":"https:\/\/chubbfs.com\/ch-fr\/?page_id=6062"},"modified":"2025-03-03T12:08:42","modified_gmt":"2025-03-03T11:08:42","slug":"plan-du-site","status":"publish","type":"page","link":"https:\/\/chubbfs.com\/ch-fr\/plan-du-site\/","title":{"rendered":"Plan du site"},"content":{"rendered":"<p><strong>\u00a0 \u00a0 \u00a0 \u00a0 \u00a0 URLs<\/strong><\/p>\n<ul>\n<li data-start=\"67\" data-end=\"104\"><a href=\"https:\/\/chubbfs.com\/ch-fr\/\" target=\"_new\" rel=\"noopener\" data-start=\"69\" data-end=\"104\">Homepage<\/a><\/li>\n<li data-start=\"503\" data-end=\"554\"><a href=\"https:\/\/chubbfs.com\/ch-fr\/downloads\/\" target=\"_new\" rel=\"noopener\" data-start=\"505\" data-end=\"554\">Downloads<\/a><\/li>\n<li data-start=\"555\" data-end=\"616\"><a href=\"https:\/\/chubbfs.com\/ch-fr\/nous-contacter\/\" target=\"_new\" rel=\"noopener\" data-start=\"557\" data-end=\"616\">Nous Contacter<\/a><\/li>\n<\/ul>\n<ul>\n<li data-start=\"4361\" data-end=\"4432\"><strong><a href=\"https:\/\/chubbfs.com\/ch-fr\/protection-incendie\/\" target=\"_new\" rel=\"noopener\" data-start=\"4363\" data-end=\"4432\">Protection Incendie<\/a><\/strong><\/li>\n<li data-start=\"4433\" data-end=\"4580\"><a href=\"https:\/\/chubbfs.com\/ch-fr\/protection-incendie\/detection-incendie-detecteur-de-fumee\/\" target=\"_new\" rel=\"noopener\" data-start=\"4435\" data-end=\"4580\">Protection Incendie Detection Incendie Detecteur De Fumee<\/a><\/li>\n<li data-start=\"4581\" data-end=\"4684\"><a href=\"https:\/\/chubbfs.com\/ch-fr\/protection-incendie\/postes-incendie\/\" target=\"_new\" rel=\"noopener\" data-start=\"4583\" data-end=\"4684\">Protection Incendie Postes Incendie<\/a><\/li>\n<li data-start=\"4685\" data-end=\"4780\"><a href=\"https:\/\/chubbfs.com\/ch-fr\/protection-incendie\/extincteurs\/\" target=\"_new\" rel=\"noopener\" data-start=\"4687\" data-end=\"4780\">Protection Incendie Extincteurs<\/a><\/li>\n<li data-start=\"841\" data-end=\"934\"><a href=\"https:\/\/chubbfs.com\/ch-fr\/protection-incendie\/evacuation\/\" target=\"_new\" rel=\"noopener\" data-start=\"843\" data-end=\"934\">Protection Incendie Evacuation<\/a><\/li>\n<li data-start=\"935\" data-end=\"1084\"><a href=\"https:\/\/chubbfs.com\/ch-fr\/protection-incendie\/divers-produits-de-protection-incendie\/\" target=\"_new\" rel=\"noopener\" data-start=\"937\" data-end=\"1084\">Protection Incendie Divers Produits De Protection Incendie<\/a><\/li>\n<li><a href=\"https:\/\/chubbfs.com\/ch-fr\/protection-incendie\/extinction-automatique\/\" target=\"_new\" rel=\"noopener\" data-start=\"3771\" data-end=\"3886\">Protection Incendie Extinction Automatique<\/a><\/li>\n<\/ul>\n<ul>\n<li><strong><a href=\"https:\/\/chubbfs.com\/ch-fr\/securite-electronique\/\" target=\"_new\" rel=\"noopener\" data-start=\"3695\" data-end=\"3768\">Securite Electronique<\/a><\/strong><\/li>\n<li><a href=\"https:\/\/chubbfs.com\/ch-fr\/securite-electronique\/videosurveillance-cctv\/\" target=\"_new\" rel=\"noopener\" data-start=\"1087\" data-end=\"1206\">Securite Electronique Videosurveillance CCTV<\/a><\/li>\n<li><a href=\"https:\/\/chubbfs.com\/ch-fr\/securite-electronique\/alarmes-intrusion\/\" target=\"_new\" rel=\"noopener\" data-start=\"1209\" data-end=\"1318\">Securite Electronique Alarmes Intrusion<\/a><\/li>\n<li data-start=\"1319\" data-end=\"1450\"><a href=\"https:\/\/chubbfs.com\/ch-fr\/securite-electronique\/systemes-de-controle-dacces\/\" target=\"_new\" rel=\"noopener\" data-start=\"1321\" data-end=\"1450\">Securite Electronique Systemes De Controle Dacces<\/a><\/li>\n<li data-start=\"1451\" data-end=\"1570\"><a href=\"https:\/\/chubbfs.com\/ch-fr\/securite-electronique\/mesure-de-temperature\/\" target=\"_new\" rel=\"noopener\" data-start=\"1453\" data-end=\"1570\">Securite Electronique Mesure De Temperature<\/a><\/li>\n<\/ul>\n<ul>\n<li><strong><a href=\"https:\/\/chubbfs.com\/ch-fr\/conseil-formation\/\" target=\"_new\" rel=\"noopener\" data-start=\"3889\" data-end=\"3954\">Conseil Formation<\/a><\/strong><\/li>\n<li data-start=\"1571\" data-end=\"1696\"><a href=\"https:\/\/chubbfs.com\/ch-fr\/conseil-formation\/formations-securite-incendie\/\" target=\"_new\" rel=\"noopener\" data-start=\"1573\" data-end=\"1696\">Conseil Formation Formations Securite Incendie<\/a><\/li>\n<li data-start=\"1697\" data-end=\"1858\"><a href=\"https:\/\/chubbfs.com\/ch-fr\/conseil-formation\/formations-securite-incendie-en-unites-mobiles\/\" target=\"_new\" rel=\"noopener\" data-start=\"1699\" data-end=\"1858\">Conseil Formation Formations Securite Incendie En Unites Mobiles<\/a><\/li>\n<li data-start=\"1859\" data-end=\"1968\"><a href=\"https:\/\/chubbfs.com\/ch-fr\/conseil-formation\/formation-evacuation\/\" target=\"_new\" rel=\"noopener\" data-start=\"1861\" data-end=\"1968\">Conseil Formation Formation Evacuation<\/a><\/li>\n<li data-start=\"1969\" data-end=\"2092\"><a href=\"https:\/\/chubbfs.com\/ch-fr\/conseil-formation\/formations-premiers-secours\/\" target=\"_new\" rel=\"noopener\" data-start=\"1971\" data-end=\"2092\">Conseil Formation Formations Premiers Secours<\/a><\/li>\n<li data-start=\"2093\" data-end=\"2218\"><a href=\"https:\/\/chubbfs.com\/ch-fr\/conseil-formation\/conseil-en-securite-incendie\/\" target=\"_new\" rel=\"noopener\" data-start=\"2095\" data-end=\"2218\">Conseil Formation Conseil En Securite Incendie<\/a><\/li>\n<\/ul>\n<ul>\n<li><strong><a href=\"https:\/\/chubbfs.com\/ch-fr\/services-supplementaires\/\" target=\"_new\" rel=\"noopener\" data-start=\"3613\" data-end=\"3692\">Services Supplementaires<\/a><\/strong><\/li>\n<li data-start=\"2219\" data-end=\"2352\"><a href=\"https:\/\/chubbfs.com\/ch-fr\/services-supplementaires\/recyclage-des-extincteurs\/\" target=\"_new\" rel=\"noopener\" data-start=\"2221\" data-end=\"2352\">Services Supplementaires Recyclage Des Extincteurs<\/a><\/li>\n<li data-start=\"2353\" data-end=\"2474\"><a href=\"https:\/\/chubbfs.com\/ch-fr\/services-supplementaires\/service-maintenance\/\" target=\"_new\" rel=\"noopener\" data-start=\"2355\" data-end=\"2474\">Services Supplementaires Service Maintenance<\/a><\/li>\n<li><a href=\"https:\/\/chubbfs.com\/ch-fr\/services-supplementaires\/location-dextincteurs\/\" target=\"_new\" rel=\"noopener\" data-start=\"3957\" data-end=\"4080\">Services Supplementaires Location Dextincteurs<\/a><\/li>\n<\/ul>\n<ul>\n<li data-start=\"2475\" data-end=\"2538\"><strong><a href=\"https:\/\/chubbfs.com\/ch-fr\/qui-sommes-nous\/\" target=\"_new\" rel=\"noopener\" data-start=\"2477\" data-end=\"2538\">Qui Sommes Nous<\/a><\/strong><\/li>\n<li data-start=\"2539\" data-end=\"2626\"><a href=\"https:\/\/chubbfs.com\/ch-fr\/qui-sommes-nous\/nos-agences\/\" target=\"_new\" rel=\"noopener\" data-start=\"2541\" data-end=\"2626\">Qui Sommes Nous Nos Agences<\/a><\/li>\n<li data-start=\"2627\" data-end=\"2720\"><a href=\"https:\/\/chubbfs.com\/ch-fr\/qui-sommes-nous\/produits-sicli\/\" target=\"_new\" rel=\"noopener\" data-start=\"2629\" data-end=\"2720\">Qui Sommes Nous Produits Sicli<\/a><\/li>\n<li data-start=\"2721\" data-end=\"2802\"><a href=\"https:\/\/chubbfs.com\/ch-fr\/qui-sommes-nous\/histoire\/\" target=\"_new\" rel=\"noopener\" data-start=\"2723\" data-end=\"2802\">Qui Sommes Nous Histoire<\/a><\/li>\n<li data-start=\"2803\" data-end=\"2882\"><a href=\"https:\/\/chubbfs.com\/ch-fr\/qui-sommes-nous\/qualite\/\" target=\"_new\" rel=\"noopener\" data-start=\"2805\" data-end=\"2882\">Qui Sommes Nous Qualite<\/a><\/li>\n<li data-start=\"2883\" data-end=\"2986\"><a href=\"https:\/\/chubbfs.com\/ch-fr\/qui-sommes-nous\/chubb-dans-le-monde\/\" target=\"_new\" rel=\"noopener\" data-start=\"2885\" data-end=\"2986\">Qui Sommes Nous Chubb Dans Le Monde<\/a><\/li>\n<li data-start=\"2987\" data-end=\"3088\"><a href=\"https:\/\/chubbfs.com\/ch-fr\/qui-sommes-nous\/nos-agences\/geneve\/\" target=\"_new\" rel=\"noopener\" data-start=\"2989\" data-end=\"3088\">Qui Sommes Nous Nos Agences Geneve<\/a><\/li>\n<li><a href=\"https:\/\/chubbfs.com\/ch-fr\/qui-sommes-nous\/nos-agences\/neuchatel\/\" target=\"_new\" rel=\"noopener\" data-start=\"4083\" data-end=\"4188\">Qui Sommes Nous Nos Agences Neuchatel<\/a><\/li>\n<li data-start=\"3089\" data-end=\"3206\"><a href=\"https:\/\/chubbfs.com\/ch-fr\/qui-sommes-nous\/nos-agences\/plateau-suisse\/\" target=\"_new\" rel=\"noopener\" data-start=\"3091\" data-end=\"3206\">Qui Sommes Nous Nos Agences Plateau Suisse<\/a><\/li>\n<li data-start=\"3207\" data-end=\"3308\"><a href=\"https:\/\/chubbfs.com\/ch-fr\/qui-sommes-nous\/nos-agences\/tessin\/\" target=\"_new\" rel=\"noopener\" data-start=\"3209\" data-end=\"3308\">Qui Sommes Nous Nos Agences Tessin<\/a><\/li>\n<li data-start=\"3309\" data-end=\"3410\"><a href=\"https:\/\/chubbfs.com\/ch-fr\/qui-sommes-nous\/nos-agences\/valais\/\" target=\"_new\" rel=\"noopener\" data-start=\"3311\" data-end=\"3410\">Qui Sommes Nous Nos Agences Valais<\/a><\/li>\n<li data-start=\"3411\" data-end=\"3508\"><a href=\"https:\/\/chubbfs.com\/ch-fr\/qui-sommes-nous\/nos-agences\/vaud\/\" target=\"_new\" rel=\"noopener\" data-start=\"3413\" data-end=\"3508\">Qui Sommes Nous Nos Agences Vaud<\/a><\/li>\n<li data-start=\"3509\" data-end=\"3610\"><a href=\"https:\/\/chubbfs.com\/ch-fr\/qui-sommes-nous\/nos-agences\/zurich\/\" target=\"_new\" rel=\"noopener\" data-start=\"3511\" data-end=\"3610\">Qui Sommes Nous Nos Agences Zurich<\/a><\/li>\n<\/ul>\n<ul>\n<li data-start=\"105\" data-end=\"184\"><strong><a href=\"https:\/\/chubbfs.com\/ch-fr\/conditions-dutilisation\/\" target=\"_new\" rel=\"noopener\" data-start=\"107\" data-end=\"184\">Conditions Dutilisation<\/a><\/strong><\/li>\n<li data-start=\"185\" data-end=\"250\"><a href=\"https:\/\/chubbfs.com\/ch-fr\/mentions-legales\/\" target=\"_new\" rel=\"noopener\" data-start=\"187\" data-end=\"250\">Mentions Legales<\/a><\/li>\n<li data-start=\"4189\" data-end=\"4278\"><a href=\"https:\/\/chubbfs.com\/ch-fr\/politique-de-confidentialite\/\" target=\"_new\" rel=\"noopener\" data-start=\"4191\" data-end=\"4278\">Politique De Confidentialite<\/a><\/li>\n<li data-start=\"4279\" data-end=\"4360\"><a href=\"https:\/\/chubbfs.com\/ch-fr\/avis-relatif-aux-cookies\/\" target=\"_new\" rel=\"noopener\" data-start=\"4281\" data-end=\"4360\">Avis Relatif Aux Cookies<\/a><\/li>\n<li data-start=\"383\" data-end=\"444\"><a href=\"https:\/\/chubbfs.com\/ch-fr\/search-results\/\" target=\"_new\" rel=\"noopener\" data-start=\"385\" data-end=\"444\">Search Results<\/a><\/li>\n<li data-start=\"445\" data-end=\"502\"><a href=\"https:\/\/chubbfs.com\/ch-fr\/plan-du-site\/\" target=\"_new\" rel=\"noopener\" data-start=\"447\" data-end=\"502\">Plan Du Site<\/a><\/li>\n<li data-start=\"617\" data-end=\"738\"><a href=\"https:\/\/chubbfs.com\/ch-fr\/conditions-generales-de-vente-et-de-location\/\" target=\"_new\" rel=\"noopener\" data-start=\"619\" data-end=\"738\">Conditions Generales De Vente Et De Location<\/a><\/li>\n<li data-start=\"739\" data-end=\"780\"><a href=\"https:\/\/chubbfs.com\/ch-fr\/404-2\/\" target=\"_new\" rel=\"noopener\" data-start=\"741\" data-end=\"780\">404<\/a><\/li>\n<\/ul>\n<ul>\n<li data-start=\"251\" data-end=\"292\"><strong><a href=\"https:\/\/chubbfs.com\/ch-fr\/news\/\" target=\"_new\" rel=\"noopener\" data-start=\"253\" data-end=\"292\">News<\/a><\/strong><\/li>\n<li data-start=\"293\" data-end=\"382\"><a href=\"https:\/\/chubbfs.com\/ch-fr\/customer-satisfaction-survey\/\" target=\"_new\" rel=\"noopener\" data-start=\"295\" data-end=\"382\">Customer Satisfaction Survey<\/a><\/li>\n<li data-start=\"781\" data-end=\"840\"><a href=\"https:\/\/chubbfs.com\/ch-fr\/unsere-werte\/\" target=\"_new\" rel=\"noopener\" data-start=\"783\" data-end=\"840\">Unsere Valeurs<\/a><\/li>\n<\/ul>\n","protected":false},"excerpt":{"rendered":"<p>\u00a0 \u00a0 \u00a0 \u00a0 \u00a0 URLs Homepage Downloads Nous Contacter Protection Incendie Protection Incendie Detection Incendie Detecteur De Fumee Protection Incendie Postes Incendie Protection Incendie Extincteurs Protection Incendie Evacuation Protection Incendie Divers Produits De Protection Incendie Protection Incendie Extinction Automatique Securite Electronique Securite Electronique Videosurveillance CCTV Securite Electronique Alarmes Intrusion Securite Electronique Systemes De Controle&#8230;<\/p>\n","protected":false},"author":17,"featured_media":0,"parent":0,"menu_order":0,"comment_status":"closed","ping_status":"closed","template":"page-basic.php","meta":{"_acf_changed":false,"_searchwp_excluded":"","inline_featured_image":false,"footnotes":""},"class_list":["post-6062","page","type-page","status-publish","hentry"],"acf":[],"yoast_head":"<!-- This site is optimized with the Yoast SEO plugin v25.1 - https:\/\/yoast.com\/wordpress\/plugins\/seo\/ -->\n<title>Plan du site - Chubb Fire &amp; Security : CH - FR<\/title>\n<meta name=\"robots\" content=\"index, follow, max-snippet:-1, max-image-preview:large, max-video-preview:-1\" \/>\n<link rel=\"canonical\" href=\"https:\/\/chubbfs.com\/ch-fr\/plan-du-site\/\" \/>\n<meta property=\"og:locale\" content=\"en_US\" \/>\n<meta property=\"og:type\" content=\"article\" \/>\n<meta property=\"og:title\" content=\"Plan du site - Chubb Fire &amp; Security : CH - FR\" \/>\n<meta property=\"og:description\" content=\"\u00a0 \u00a0 \u00a0 \u00a0 \u00a0 URLs Homepage Downloads Nous Contacter Protection Incendie Protection Incendie Detection Incendie Detecteur De Fumee Protection Incendie Postes Incendie Protection Incendie Extincteurs Protection Incendie Evacuation Protection Incendie Divers Produits De Protection Incendie Protection Incendie Extinction Automatique Securite Electronique Securite Electronique Videosurveillance CCTV Securite Electronique Alarmes Intrusion Securite Electronique Systemes De Controle...\" \/>\n<meta property=\"og:url\" content=\"https:\/\/chubbfs.com\/ch-fr\/plan-du-site\/\" \/>\n<meta property=\"og:site_name\" content=\"Chubb Fire &amp; Security : CH - FR\" \/>\n<meta property=\"article:modified_time\" content=\"2025-03-03T11:08:42+00:00\" \/>\n<meta name=\"twitter:card\" content=\"summary_large_image\" \/>\n<meta name=\"twitter:label1\" content=\"Est. reading time\" \/>\n\t<meta name=\"twitter:data1\" content=\"1 minute\" \/>\n<script type=\"application\/ld+json\" class=\"yoast-schema-graph\">{\"@context\":\"https:\/\/schema.org\",\"@graph\":[{\"@type\":\"WebPage\",\"@id\":\"https:\/\/chubbfs.com\/ch-fr\/plan-du-site\/\",\"url\":\"https:\/\/chubbfs.com\/ch-fr\/plan-du-site\/\",\"name\":\"Plan du site - Chubb Fire &amp; Security : CH - FR\",\"isPartOf\":{\"@id\":\"https:\/\/chubbfs.com\/ch-fr\/#website\"},\"datePublished\":\"2022-09-07T11:57:47+00:00\",\"dateModified\":\"2025-03-03T11:08:42+00:00\",\"inLanguage\":\"en-US\",\"potentialAction\":[{\"@type\":\"ReadAction\",\"target\":[\"https:\/\/chubbfs.com\/ch-fr\/plan-du-site\/\"]}]},{\"@type\":\"WebSite\",\"@id\":\"https:\/\/chubbfs.com\/ch-fr\/#website\",\"url\":\"https:\/\/chubbfs.com\/ch-fr\/\",\"name\":\"Chubb Fire &amp; Security\",\"description\":\"Protection incendie &amp; S\u00e9curit\u00e9 \u00e9lectronique\",\"publisher\":{\"@id\":\"https:\/\/chubbfs.com\/ch-fr\/#organization\"},\"potentialAction\":[{\"@type\":\"SearchAction\",\"target\":{\"@type\":\"EntryPoint\",\"urlTemplate\":\"https:\/\/chubbfs.com\/ch-fr\/?s={search_term_string}\"},\"query-input\":{\"@type\":\"PropertyValueSpecification\",\"valueRequired\":true,\"valueName\":\"search_term_string\"}}],\"inLanguage\":\"en-US\"},{\"@type\":\"Organization\",\"@id\":\"https:\/\/chubbfs.com\/ch-fr\/#organization\",\"name\":\"Chubb Fire &amp; Security\",\"url\":\"https:\/\/chubbfs.com\/ch-fr\/\",\"logo\":{\"@type\":\"ImageObject\",\"inLanguage\":\"en-US\",\"@id\":\"https:\/\/chubbfs.com\/ch-fr\/#\/schema\/logo\/image\/\",\"url\":\"https:\/\/chubbfs.com\/ch-fr\/wp-content\/uploads\/sites\/18\/2022\/11\/Chubb-PoweredBy_Sub-brands_Colour_Sicli-1.svg\",\"contentUrl\":\"https:\/\/chubbfs.com\/ch-fr\/wp-content\/uploads\/sites\/18\/2022\/11\/Chubb-PoweredBy_Sub-brands_Colour_Sicli-1.svg\",\"width\":\"1024\",\"height\":\"1024\",\"caption\":\"Chubb Fire &amp; Security\"},\"image\":{\"@id\":\"https:\/\/chubbfs.com\/ch-fr\/#\/schema\/logo\/image\/\"}}]}<\/script>\n<!-- \/ Yoast SEO plugin. -->","yoast_head_json":{"title":"Plan du site - Chubb Fire &amp; Security : CH - FR","robots":{"index":"index","follow":"follow","max-snippet":"max-snippet:-1","max-image-preview":"max-image-preview:large","max-video-preview":"max-video-preview:-1"},"canonical":"https:\/\/chubbfs.com\/ch-fr\/plan-du-site\/","og_locale":"en_US","og_type":"article","og_title":"Plan du site - Chubb Fire &amp; Security : CH - FR","og_description":"\u00a0 \u00a0 \u00a0 \u00a0 \u00a0 URLs Homepage Downloads Nous Contacter Protection Incendie Protection Incendie Detection Incendie Detecteur De Fumee Protection Incendie Postes Incendie Protection Incendie Extincteurs Protection Incendie Evacuation Protection Incendie Divers Produits De Protection Incendie Protection Incendie Extinction Automatique Securite Electronique Securite Electronique Videosurveillance CCTV Securite Electronique Alarmes Intrusion Securite Electronique Systemes De Controle...","og_url":"https:\/\/chubbfs.com\/ch-fr\/plan-du-site\/","og_site_name":"Chubb Fire &amp; Security : CH - FR","article_modified_time":"2025-03-03T11:08:42+00:00","twitter_card":"summary_large_image","twitter_misc":{"Est. reading time":"1 minute"},"schema":{"@context":"https:\/\/schema.org","@graph":[{"@type":"WebPage","@id":"https:\/\/chubbfs.com\/ch-fr\/plan-du-site\/","url":"https:\/\/chubbfs.com\/ch-fr\/plan-du-site\/","name":"Plan du site - Chubb Fire &amp; Security : CH - FR","isPartOf":{"@id":"https:\/\/chubbfs.com\/ch-fr\/#website"},"datePublished":"2022-09-07T11:57:47+00:00","dateModified":"2025-03-03T11:08:42+00:00","inLanguage":"en-US","potentialAction":[{"@type":"ReadAction","target":["https:\/\/chubbfs.com\/ch-fr\/plan-du-site\/"]}]},{"@type":"WebSite","@id":"https:\/\/chubbfs.com\/ch-fr\/#website","url":"https:\/\/chubbfs.com\/ch-fr\/","name":"Chubb Fire &amp; Security","description":"Protection incendie &amp; S\u00e9curit\u00e9 \u00e9lectronique","publisher":{"@id":"https:\/\/chubbfs.com\/ch-fr\/#organization"},"potentialAction":[{"@type":"SearchAction","target":{"@type":"EntryPoint","urlTemplate":"https:\/\/chubbfs.com\/ch-fr\/?s={search_term_string}"},"query-input":{"@type":"PropertyValueSpecification","valueRequired":true,"valueName":"search_term_string"}}],"inLanguage":"en-US"},{"@type":"Organization","@id":"https:\/\/chubbfs.com\/ch-fr\/#organization","name":"Chubb Fire &amp; Security","url":"https:\/\/chubbfs.com\/ch-fr\/","logo":{"@type":"ImageObject","inLanguage":"en-US","@id":"https:\/\/chubbfs.com\/ch-fr\/#\/schema\/logo\/image\/","url":"https:\/\/chubbfs.com\/ch-fr\/wp-content\/uploads\/sites\/18\/2022\/11\/Chubb-PoweredBy_Sub-brands_Colour_Sicli-1.svg","contentUrl":"https:\/\/chubbfs.com\/ch-fr\/wp-content\/uploads\/sites\/18\/2022\/11\/Chubb-PoweredBy_Sub-brands_Colour_Sicli-1.svg","width":"1024","height":"1024","caption":"Chubb Fire &amp; Security"},"image":{"@id":"https:\/\/chubbfs.com\/ch-fr\/#\/schema\/logo\/image\/"}}]}},"_links":{"self":[{"href":"https:\/\/chubbfs.com\/ch-fr\/wp-json\/wp\/v2\/pages\/6062","targetHints":{"allow":["GET"]}}],"collection":[{"href":"https:\/\/chubbfs.com\/ch-fr\/wp-json\/wp\/v2\/pages"}],"about":[{"href":"https:\/\/chubbfs.com\/ch-fr\/wp-json\/wp\/v2\/types\/page"}],"author":[{"embeddable":true,"href":"https:\/\/chubbfs.com\/ch-fr\/wp-json\/wp\/v2\/users\/17"}],"replies":[{"embeddable":true,"href":"https:\/\/chubbfs.com\/ch-fr\/wp-json\/wp\/v2\/comments?post=6062"}],"version-history":[{"count":12,"href":"https:\/\/chubbfs.com\/ch-fr\/wp-json\/wp\/v2\/pages\/6062\/revisions"}],"predecessor-version":[{"id":8393,"href":"https:\/\/chubbfs.com\/ch-fr\/wp-json\/wp\/v2\/pages\/6062\/revisions\/8393"}],"wp:attachment":[{"href":"https:\/\/chubbfs.com\/ch-fr\/wp-json\/wp\/v2\/media?parent=6062"}],"curies":[{"name":"wp","href":"https:\/\/api.w.org\/{rel}","templated":true}]}}