{"id":5302,"date":"2022-09-02T15:17:04","date_gmt":"2022-09-02T15:17:04","guid":{"rendered":"https:\/\/chubbfs.com\/at-de\/?page_id=5302"},"modified":"2026-02-17T13:31:18","modified_gmt":"2026-02-17T13:31:18","slug":"cookie-einstellungen","status":"publish","type":"page","link":"https:\/\/chubbfs.com\/at-de\/cookie-einstellungen\/","title":{"rendered":"Cookie-Hinweis"},"content":{"rendered":"<p>Dieser \u201eHinweis zu Cookies\u201c (der \u201eHinweis\u201c) erl\u00e4utert, wie und warum Unternehmen der Chubb Group (auch als \u201eChubb\u201c, \u201ewir\u201c, \u201eunser\u201c und \u201euns\u201c bezeichnet) verschiedene Arten von Cookies und \u00e4hnliche Technologien auf allenWebsites oder Apps (die \u201eWebsite\u201c) verwenden, die wir besitzen oder kontrollieren. In diesem Hinweis wird auch erl\u00e4utert, wie Sie Cookies und \u00e4hnliche Technologien verwalten k\u00f6nnen.<\/p>\n<p>&nbsp;<\/p>\n<p>Letzte Aktualisierung: Januar 2026<\/p>\n<p>&nbsp;<\/p>\n<p>Wir \u00fcberpr\u00fcfen diesen Hinweis regelm\u00e4\u00dfig und k\u00f6nnen ihn jederzeit aktualisieren. Bitte sehen Sie sich den Abschnitt \u201eLetzte Aktualisierung\u201c oben in dieser Erkl\u00e4rung an, um zu erfahren, wann sie zuletzt ge\u00e4ndert wurde. Alle \u00c4nderungen an dieser Erkl\u00e4rung treten in Kraft, sobald wir die \u00fcberarbeitete Erkl\u00e4rung auf oder \u00fcber die Website zur Verf\u00fcgung stellen. Wir empfehlen Ihnen au\u00dferdem, diese Erkl\u00e4rung regelm\u00e4\u00dfig zu \u00fcberpr\u00fcfen. Wir werden Sie \u00fcber alle \u00c4nderungen (einschlie\u00dflich des Zeitpunkts ihres Inkrafttretens) informieren, wenn wir aufgrund von Datenschutz- oder E-Privacy-Gesetzen dazu verpflichtet sind.<\/p>\n<p><strong>\u00a0<\/strong><\/p>\n<p><strong>\u00a0<\/strong><\/p>\n<p><strong>Was sind Cookies?<\/strong><\/p>\n<p>Wenn Sie unsere Website besuchen, werden mit Ihrer Zustimmung, falls erforderlich, ein oder mehrere \u201eCookies\u201c generiert und eingesetzt.<\/p>\n<p>Cookies sind kleine Dateien aus Buchstaben und Zahlen, die in Ihrem Browser und\/oder auf der Festplatte Ihres Computers (oder anderen internetf\u00e4higen Ger\u00e4ten wie Smartphones oder Tablets) gespeichert werden, wenn Sie die Website besuchen. Ein Cookie enth\u00e4lt in der Regel den Namen der Website, von der das Cookie stammt, die \u201eLebensdauer\u201c des Cookies (d. h. wie lange es auf Ihrem Ger\u00e4t verbleibt) und einen Wert, bei dem es sich in der Regel um eine zuf\u00e4llig generierte eindeutige Nummer handelt.<\/p>\n<p>Wir verwenden Cookies, um die Website benutzerfreundlicher zu gestalten und unser Webangebot und unsere Produkte besser auf Ihre Interessen und Bed\u00fcrfnisse abzustimmen. Cookies werden auch verwendet, um Ihre zuk\u00fcnftigen Aktivit\u00e4ten zu beschleunigen und Ihnen ein personalisierteres Erlebnis auf der Website zu bieten.<\/p>\n<p>Einige Cookies k\u00f6nnen Ihre personenbezogenen Daten verarbeiten (z. B. IP-Adressen und andere Online-Identifikatoren).<br \/>\nWeitere Informationen dar\u00fcber, wie Ihre personenbezogenen Daten verarbeitet werden und welche Rechte Sie in diesem Zusammenhang haben, finden Sie in der Datenschutzerkl\u00e4rung von Chubb.<\/p>\n<p>Andere Cookies werden verwendet, um anonyme, aggregierte Statistiken zu erstellen, die uns Aufschluss dar\u00fcber geben, wie Nutzer unsere Webangebote nutzen, und uns dabei helfen, die Struktur und den Inhalt unserer Website zu verbessern. Wir k\u00f6nnen Sie anhand dieser Informationen nicht pers\u00f6nlich identifizieren, obwohl f\u00fcr diese Cookies dieselben Grunds\u00e4tze gelten.<\/p>\n<p>&nbsp;<\/p>\n<p>&nbsp;<\/p>\n<p><strong>Auf der Website verwendete Cookie-Kategorien:<\/strong><\/p>\n<p>Auf der Website werden zwei Arten von Cookies verwendet: \u201eSitzungscookies\u201d und \u201edauerhafte Cookies\u201d. Sitzungscookies sind tempor\u00e4re Cookies, die auf Ihrem Ger\u00e4t verbleiben, bis Sie diese Website verlassen. Ein dauerhaftes Cookie verbleibt viel l\u00e4nger auf Ihrem Ger\u00e4t oder bis Sie es manuell l\u00f6schen (wie lange das Cookie auf Ihrem Ger\u00e4t verbleibt, h\u00e4ngt von der Dauer oder \u201eLebensdauer\u201d des jeweiligen Cookies und Ihren Browsereinstellungen ab).<\/p>\n<p>Wir haben unsere Cookies in die folgenden Kategorien unterteilt, damit Sie besser verstehen, warum wir sie verwenden:<\/p>\n<ul>\n<li><u>Unbedingt erforderlich\/Notwendig:<\/u>  Cookies, die f\u00fcr das ordnungsgem\u00e4\u00dfe Funktionieren der Website unerl\u00e4sslich sind. Sie erm\u00f6glichen es Besuchern, sich auf unserer Website zu bewegen und unsere Funktionen zu nutzen. Diese Cookies verhindern Abst\u00fcrze, zeigen Informationen an, beheben Fehler und gew\u00e4hrleisten die Sicherheit unserer Website. Ohne diese Cookies k\u00f6nnen einige Funktionen der Website nicht bereitgestellt werden. Diese Cookies identifizieren Sie nicht als Person.<\/li>\n<li><u>Funktionale Cookies:<\/u> Cookies, die es unseren Webseiten erm\u00f6glichen, Sie wiederzuerkennen, wenn Sie zur Website zur\u00fcckkehren, und sich Ihre Auswahl (wie Ihren Benutzernamen, Ihre Sprache oder die Region, in der Sie sich  befinden) zu \u201emerken\u201c, um Ihnen ein personalisierteres Online-Erlebnis zu bieten. Wenn Sie diese Cookies nicht akzeptieren, kann dies die Leistung und Funktionalit\u00e4t der Website beeintr\u00e4chtigen und den Zugriff auf Webinhalte einschr\u00e4nken.<\/li>\n<li><u>Leistungs-\/Analyse-Cookies:<\/u> Cookies, die uns helfen zu verstehen, wie Besucher mit unseren Webangeboten<br \/>\ninteragieren, indem sie Informationen \u00fcber die besuchten Bereiche, die auf der Website verbrachte Zeit und eventuell aufgetretene Probleme, wie z. B. Fehlermeldungen, liefern. Sie helfen uns, die Leistung unserer Website zu verbessern, machen uns auf Probleme aufmerksam und vieles mehr. Sie geben uns Auskunft dar\u00fcber, wie beliebt eine bestimmte Funktion ist oder ob Sie eine von uns gesendete E-Mail \u00f6ffnen. Diese Cookies identifizieren Sie nicht als Person, sofern nicht anders angegeben.<\/li>\n<li><u>Werbung:<\/u> Cookies, die verwendet werden, um Besuchern relevante Anzeigen und Marketingkampagnen anzuzeigen. Diese Cookies verfolgen Besucher \u00fcber Websites hinweg und sammeln Informationen, um personalisierte Werbung anzuzeigen.<\/li>\n<\/ul>\n<p>&nbsp;<\/p>\n<p><strong>Cookies auf dieser Website<\/strong><\/p>\n<p>Die folgende Tabelle fasst die verschiedenen Arten von Cookies zusammen, die wir auf der Website verwenden, zusammen mit ihrem jeweiligen Zweck und der Angabe, ob ihre Verwendung die \u00dcbertragung von Informationen an Dritte beinhaltet:<\/p>\n<p>Notwendige Cookies sind f\u00fcr das ordnungsgem\u00e4\u00dfe Funktionieren der Website unbedingt erforderlich. Diese Cookies gew\u00e4hrleisten anonym die grundlegenden Funktionen und Sicherheitsmerkmale der Website. Die Arten der von dieser Website und ihrem Cookie-Plugin verwendeten notwendigen Cookies sind in der folgenden Tabelle aufgef\u00fchrt.<\/p>\n<p>&nbsp;<\/p>\n<table width=\"550\">\n<thead>\n<tr>\n<td width=\"153\">Cookie<\/td>\n<td width=\"92\">Dauer<\/td>\n<td width=\"306\">Beschreibung<\/td>\n<\/tr>\n<\/thead>\n<tbody>\n<tr>\n<td width=\"153\">cookielawinfo-checkbox-analytics<\/td>\n<td width=\"92\">11 Monate<\/td>\n<td width=\"306\">Dieses Cookie wird vom GDPR Cookie Consent Plugin gesetzt. Das Cookie wird verwendet, um die Zustimmung<br \/>\ndes Benutzers f\u00fcr die Cookies in der Kategorie \u201eAnalytics\u201d zu speichern.<\/p>\n<p>&nbsp;<\/p>\n<p>Notwendig f\u00fcr Plugin und Website.<\/td>\n<\/tr>\n<tr>\n<td width=\"153\">cookielawinfo-checkbox-functional<\/td>\n<td width=\"92\">11 Monate<\/td>\n<td width=\"306\">Das Cookie wird von der DSGVO-Cookie-Einwilligung gesetzt, um die Zustimmung des Benutzers f\u00fcr die Cookies<br \/>\nin der Kategorie \u201eFunktional\u201d zu speichern.<\/p>\n<p>Notwendig f\u00fcr Plugin und Website.<\/td>\n<\/tr>\n<tr>\n<td width=\"153\">cookielawinfo-checkbox-necessary<\/td>\n<td width=\"92\">11 Monate<\/td>\n<td width=\"306\">Dieses Cookie wird vom GDPR Cookie Consent Plugin gesetzt. Das Cookie wird verwendet, um die Zustimmung<br \/>\ndes Benutzers f\u00fcr Cookies der Kategorie \u201eNotwendig\u201d zu speichern.<\/p>\n<p>Nur f\u00fcr das Plugin notwendig.<\/td>\n<\/tr>\n<tr>\n<td width=\"153\">cookielawinfo-checkbox-others<\/td>\n<td width=\"92\">11 Monate<\/td>\n<td width=\"306\">Dieses Cookie wird vom GDPR Cookie Consent Plugin gesetzt. Das Cookie wird verwendet, um die Zustimmung<br \/>\ndes Benutzers f\u00fcr Cookies in der Kategorie \u201eSonstige\u201d zu speichern.<\/p>\n<p>Nicht erforderlich.<\/td>\n<\/tr>\n<tr>\n<td width=\"153\">cookielawinfo-checkbox-performance<\/td>\n<td width=\"92\">11 Monate<\/td>\n<td width=\"306\">Dieses Cookie wird vom GDPR Cookie Consent Plugin gesetzt. Das Cookie wird verwendet, um die Zustimmung<br \/>\ndes Benutzers f\u00fcr die Cookies in der Kategorie \u201eLeistung\u201c zu speichern.<\/p>\n<p>Nicht erforderlich.<\/td>\n<\/tr>\n<tr>\n<td width=\"153\">viewed_cookie_policy<\/td>\n<td width=\"92\">11 Monate<\/td>\n<td width=\"306\">Das Cookie wird vom GDPR Cookie Consent Plugin gesetzt und dient dazu, zu speichern, ob der Benutzer der<br \/>\nVerwendung von Cookies zugestimmt hat oder nicht. Es speichert keine personenbezogenen Daten.<\/p>\n<p>F\u00fcr das Plugin und die Website erforderlich.<\/td>\n<\/tr>\n<tr>\n<td width=\"153\">Euconsent<\/td>\n<td width=\"92\">1 Stunde<\/td>\n<td width=\"306\">CookieYes setzt dieses Cookie, um Daten zu speichern, wenn IAB TCF aktiviert ist.<\/p>\n<\/td>\n<\/tr>\n<\/tbody>\n<\/table>\n<p>&nbsp;<\/p>\n<p>Werbe-Cookies k\u00f6nnen auf bestimmten Chubb-Websites verwendet werden, jedoch nicht auf allen.<\/p>\n<p>Bitte beachten Sie, dass auch die folgenden Drittanbieter Cookies verwenden k\u00f6nnen. Zu diesen genannten Drittanbietern k\u00f6nnen beispielsweise Werbenetzwerke und Anbieter externer Dienste wie Web-Traffic-Analysedienste geh\u00f6ren. Bei diesen Cookies von Drittanbietern handelt es sich wahrscheinlich um Analyse-Cookies, Leistungs-Cookies oder Targeting-Cookies. Zu den auf unserer Website verwendeten Cookies von Drittanbietern geh\u00f6ren:<\/p>\n<ul>\n<li>Google Analytics<\/li>\n<li>NextRoll<\/li>\n<\/ul>\n<p>Drittanbieter, darunter unter anderem NextRoll, helfen uns dabei, Ihr Ger\u00e4t zu erkennen und zu verstehen, wie Sie unsere Website(s) nutzen, damit wir unsere Dienste verbessern k\u00f6nnen, um Ihren Interessen gerecht zu werden und Ihnen Werbung f\u00fcr Produkte und\/oder Dienstleistungen anzuzeigen, die f\u00fcr Sie wahrscheinlich von gr\u00f6\u00dferem Interesse sind. Insbesondere sammeln NextRoll und diese Partner Informationen \u00fcber Ihre Aktivit\u00e4ten auf unserer\/unseren Website(s)<br \/>\n, damit wir:<\/p>\n<ul>\n<li>den Traffic und die Browsing-Aktivit\u00e4ten auf unserer\/unseren Website(s) zu messen und zu analysieren;<\/li>\n<li>Ihnen Werbung f\u00fcr unsere Produkte und\/oder Dienstleistungen auf Websites von Drittanbietern anzuzeigen;<\/li>\n<li>die Leistung unserer Werbekampagnen zu messen und zu analysieren;<\/li>\n<\/ul>\n<p>Weitere Informationen zu den von NextRoll verwendeten Technologien finden Sie in\u00a0<a href=\"https:\/\/www.nextroll.com\/privacy\">Datenschutzerkl\u00e4rung von NextRoll.<\/a>.<\/p>\n<p>&nbsp;<\/p>\n<p><strong>Abmeldung\u00a0<\/strong><\/p>\n<p>Unsere Partner, darunter unter anderem NextRoll, verwenden m\u00f6glicherweise Technologien ohne Cookies, die von den Browsereinstellungen zum Blockieren von Cookies nicht beeinflusst werden. Ihr Browser erlaubt Ihnen m\u00f6glicherweise nicht, solche Technologien zu blockieren. Aus diesem Grund k\u00f6nnen Sie die folgenden Tools von Drittanbietern verwenden, um die Erfassung und Verwendung von Informationen zum Zwecke der Bereitstellung interessenbezogener Werbung abzulehnen:<\/p>\n<ul>\n<li><a href=\"http:\/\/www.networkadvertising.org\/choices\/\">Die Opt-out-Plattform der NAI<\/a><\/li>\n<li><a href=\"http:\/\/www.youronlinechoices.com\/\">Die Opt-out-Plattform der EDAA<\/a><\/li>\n<li><a href=\"https:\/\/optout.aboutads.info\/?c=2&amp;lang=EN\">Die Opt-out-Plattform der DAA<\/a><\/li>\n<\/ul>\n<p>&nbsp;<\/p>\n<p><strong>Verwalten von Cookies auf Ihrem Ger\u00e4t<\/strong><strong>\u00a0<\/strong><\/p>\n<p>Wenn Sie zum ersten Mal auf die Websites von Chubb zugreifen, werden Sie aufgefordert, \u00fcber das Cookie-Plugin, das auf Ihrem Bildschirm angezeigt wird, Entscheidungen zu Ihren Cookie-Einstellungen zu treffen. W\u00e4hrend notwendige Cookies immer aktiviert sind, k\u00f6nnen Sie Ihre eigenen Entscheidungen hinsichtlich anderer Arten von Cookies treffen. Nach Ihrem ersten Besuch werden Sie m\u00f6glicherweise gelegentlich gebeten, Ihre Cookie-Einstellungen bei zuk\u00fcnftigen Besuchen der Websites erneut zu best\u00e4tigen.<\/p>\n<p>Sie k\u00f6nnen auch jederzeit verwalten, welche optionalen Cookies auf Ihrem Ger\u00e4t eingesetzt werden. Dazu k\u00f6nnen Sie die Einstellungen Ihres Browsers entsprechend anpassen. Anleitungen zur Steuerung von Cookies f\u00fcr g\u00e4ngige Browser finden Sie online.<\/p>\n<p>Sie k\u00f6nnen Google Analytics auch f\u00fcr alle Websites deaktivieren, indem Sie auf <a href=\"http:\/\/tools.googke.com\/dlpage\/gaoptout\">http:\/\/tools.googke.com\/dlpage\/gaoptout<\/a> klicken.<\/p>\n<p>Informationen zu weiteren Browsern und Ger\u00e4tetypen finden Sie auf <a href=\"http:\/\/www.aboutcookies.org\">http:\/\/www.aboutcookies.org<\/a> oder <a href=\"http:\/\/www.cookiecentral.com\/faq\/\">http:\/\/www.cookiecentral.com\/faq\/<\/a>.<\/p>\n<p>Bitte beachten Sie, dass die Deaktivierung der von uns verwendeten Cookies Ihre Benutzererfahrung bei der Nutzung der Website beeintr\u00e4chtigen und dazu f\u00fchren kann, dass Sie m\u00f6glicherweise nicht mehr auf unsere Website oder Teile davon zugreifen k\u00f6nnen.<\/p>\n","protected":false},"excerpt":{"rendered":"<p>Dieser \u201eHinweis zu Cookies\u201c (der \u201eHinweis\u201c) erl\u00e4utert, wie und warum Unternehmen der Chubb Group (auch als \u201eChubb\u201c, \u201ewir\u201c, \u201eunser\u201c und \u201euns\u201c bezeichnet) verschiedene Arten von Cookies und \u00e4hnliche Technologien auf allenWebsites oder Apps (die \u201eWebsite\u201c) verwenden, die wir besitzen oder kontrollieren. In diesem Hinweis wird auch erl\u00e4utert, wie Sie Cookies und \u00e4hnliche Technologien verwalten k\u00f6nnen&#8230;.<\/p>\n","protected":false},"author":18,"featured_media":0,"parent":0,"menu_order":102,"comment_status":"closed","ping_status":"closed","template":"page-basic.php","meta":{"_acf_changed":false,"_searchwp_excluded":"","inline_featured_image":false,"footnotes":""},"class_list":["post-5302","page","type-page","status-publish","hentry"],"acf":[],"yoast_head":"<!-- This site is optimized with the Yoast SEO plugin v25.1 - https:\/\/yoast.com\/wordpress\/plugins\/seo\/ -->\n<title>Cookie-Hinweis - Chubb Fire &amp; Security : AT - DE<\/title>\n<meta name=\"robots\" content=\"index, follow, max-snippet:-1, max-image-preview:large, max-video-preview:-1\" \/>\n<link rel=\"canonical\" href=\"https:\/\/chubbfs.com\/at-de\/cookie-einstellungen\/\" \/>\n<meta property=\"og:locale\" content=\"en_US\" \/>\n<meta property=\"og:type\" content=\"article\" \/>\n<meta property=\"og:title\" content=\"Cookie-Hinweis - Chubb Fire &amp; Security : AT - DE\" \/>\n<meta property=\"og:description\" content=\"Dieser \u201eHinweis zu Cookies\u201c (der \u201eHinweis\u201c) erl\u00e4utert, wie und warum Unternehmen der Chubb Group (auch als \u201eChubb\u201c, \u201ewir\u201c, \u201eunser\u201c und \u201euns\u201c bezeichnet) verschiedene Arten von Cookies und \u00e4hnliche Technologien auf allenWebsites oder Apps (die \u201eWebsite\u201c) verwenden, die wir besitzen oder kontrollieren. In diesem Hinweis wird auch erl\u00e4utert, wie Sie Cookies und \u00e4hnliche Technologien verwalten k\u00f6nnen....\" \/>\n<meta property=\"og:url\" content=\"https:\/\/chubbfs.com\/at-de\/cookie-einstellungen\/\" \/>\n<meta property=\"og:site_name\" content=\"Chubb Fire &amp; Security : AT - DE\" \/>\n<meta property=\"article:modified_time\" content=\"2026-02-17T13:31:18+00:00\" \/>\n<meta name=\"twitter:card\" content=\"summary_large_image\" \/>\n<meta name=\"twitter:label1\" content=\"Est. reading time\" \/>\n\t<meta name=\"twitter:data1\" content=\"7 minutes\" \/>\n<script type=\"application\/ld+json\" class=\"yoast-schema-graph\">{\"@context\":\"https:\/\/schema.org\",\"@graph\":[{\"@type\":\"WebPage\",\"@id\":\"https:\/\/chubbfs.com\/at-de\/cookie-einstellungen\/\",\"url\":\"https:\/\/chubbfs.com\/at-de\/cookie-einstellungen\/\",\"name\":\"Cookie-Hinweis - Chubb Fire &amp; Security : AT - DE\",\"isPartOf\":{\"@id\":\"https:\/\/chubbfs.com\/at-de\/#website\"},\"datePublished\":\"2022-09-02T15:17:04+00:00\",\"dateModified\":\"2026-02-17T13:31:18+00:00\",\"inLanguage\":\"en-US\",\"potentialAction\":[{\"@type\":\"ReadAction\",\"target\":[\"https:\/\/chubbfs.com\/at-de\/cookie-einstellungen\/\"]}]},{\"@type\":\"WebSite\",\"@id\":\"https:\/\/chubbfs.com\/at-de\/#website\",\"url\":\"https:\/\/chubbfs.com\/at-de\/\",\"name\":\"Chubb Fire &amp; Security : AT - DE\",\"description\":\"Just another WordPress site\",\"potentialAction\":[{\"@type\":\"SearchAction\",\"target\":{\"@type\":\"EntryPoint\",\"urlTemplate\":\"https:\/\/chubbfs.com\/at-de\/?s={search_term_string}\"},\"query-input\":{\"@type\":\"PropertyValueSpecification\",\"valueRequired\":true,\"valueName\":\"search_term_string\"}}],\"inLanguage\":\"en-US\"}]}<\/script>\n<!-- \/ Yoast SEO plugin. -->","yoast_head_json":{"title":"Cookie-Hinweis - Chubb Fire &amp; Security : AT - DE","robots":{"index":"index","follow":"follow","max-snippet":"max-snippet:-1","max-image-preview":"max-image-preview:large","max-video-preview":"max-video-preview:-1"},"canonical":"https:\/\/chubbfs.com\/at-de\/cookie-einstellungen\/","og_locale":"en_US","og_type":"article","og_title":"Cookie-Hinweis - Chubb Fire &amp; Security : AT - DE","og_description":"Dieser \u201eHinweis zu Cookies\u201c (der \u201eHinweis\u201c) erl\u00e4utert, wie und warum Unternehmen der Chubb Group (auch als \u201eChubb\u201c, \u201ewir\u201c, \u201eunser\u201c und \u201euns\u201c bezeichnet) verschiedene Arten von Cookies und \u00e4hnliche Technologien auf allenWebsites oder Apps (die \u201eWebsite\u201c) verwenden, die wir besitzen oder kontrollieren. In diesem Hinweis wird auch erl\u00e4utert, wie Sie Cookies und \u00e4hnliche Technologien verwalten k\u00f6nnen....","og_url":"https:\/\/chubbfs.com\/at-de\/cookie-einstellungen\/","og_site_name":"Chubb Fire &amp; Security : AT - DE","article_modified_time":"2026-02-17T13:31:18+00:00","twitter_card":"summary_large_image","twitter_misc":{"Est. reading time":"7 minutes"},"schema":{"@context":"https:\/\/schema.org","@graph":[{"@type":"WebPage","@id":"https:\/\/chubbfs.com\/at-de\/cookie-einstellungen\/","url":"https:\/\/chubbfs.com\/at-de\/cookie-einstellungen\/","name":"Cookie-Hinweis - Chubb Fire &amp; Security : AT - DE","isPartOf":{"@id":"https:\/\/chubbfs.com\/at-de\/#website"},"datePublished":"2022-09-02T15:17:04+00:00","dateModified":"2026-02-17T13:31:18+00:00","inLanguage":"en-US","potentialAction":[{"@type":"ReadAction","target":["https:\/\/chubbfs.com\/at-de\/cookie-einstellungen\/"]}]},{"@type":"WebSite","@id":"https:\/\/chubbfs.com\/at-de\/#website","url":"https:\/\/chubbfs.com\/at-de\/","name":"Chubb Fire &amp; Security : AT - DE","description":"Just another WordPress site","potentialAction":[{"@type":"SearchAction","target":{"@type":"EntryPoint","urlTemplate":"https:\/\/chubbfs.com\/at-de\/?s={search_term_string}"},"query-input":{"@type":"PropertyValueSpecification","valueRequired":true,"valueName":"search_term_string"}}],"inLanguage":"en-US"}]}},"_links":{"self":[{"href":"https:\/\/chubbfs.com\/at-de\/wp-json\/wp\/v2\/pages\/5302","targetHints":{"allow":["GET"]}}],"collection":[{"href":"https:\/\/chubbfs.com\/at-de\/wp-json\/wp\/v2\/pages"}],"about":[{"href":"https:\/\/chubbfs.com\/at-de\/wp-json\/wp\/v2\/types\/page"}],"author":[{"embeddable":true,"href":"https:\/\/chubbfs.com\/at-de\/wp-json\/wp\/v2\/users\/18"}],"replies":[{"embeddable":true,"href":"https:\/\/chubbfs.com\/at-de\/wp-json\/wp\/v2\/comments?post=5302"}],"version-history":[{"count":2,"href":"https:\/\/chubbfs.com\/at-de\/wp-json\/wp\/v2\/pages\/5302\/revisions"}],"predecessor-version":[{"id":6513,"href":"https:\/\/chubbfs.com\/at-de\/wp-json\/wp\/v2\/pages\/5302\/revisions\/6513"}],"wp:attachment":[{"href":"https:\/\/chubbfs.com\/at-de\/wp-json\/wp\/v2\/media?parent=5302"}],"curies":[{"name":"wp","href":"https:\/\/api.w.org\/{rel}","templated":true}]}}