{"id":4678,"date":"2022-08-31T12:56:19","date_gmt":"2022-08-31T12:56:19","guid":{"rendered":"https:\/\/chubbfs.com\/at-de\/?page_id=4678"},"modified":"2024-03-22T07:48:29","modified_gmt":"2024-03-22T07:48:29","slug":"impressum","status":"publish","type":"page","link":"https:\/\/chubbfs.com\/at-de\/impressum\/","title":{"rendered":"Impressum"},"content":{"rendered":"<p><strong>Chubb \u00d6sterreich GmbH<\/strong><\/p>\n<p><strong>Rechtsform:<\/strong><br \/>\nGesellschaft mit beschr\u00e4nkter Haftung<\/p>\n<p><strong>Hauptsitz:<\/strong><br \/>\nCampus 21 \u2013 Businesspark Wien S\u00fcd<br \/>\nLiebermannstra\u00dfe F03\/102<br \/>\n2345 Brunn am Gebirge<\/p>\n<p><strong>Weitere Betriebsst\u00e4tte:<\/strong><br \/>\nRaiffeisenstra\u00dfe 1<br \/>\n6800 Feldkirch<\/p>\n<p><strong>Vertretungsbefugte Personen:<\/strong><br \/>\nDavid Guerin, MBA &#8211; Gesch\u00e4ftsf\u00fchrer<br \/>\nHerbert Szirota, MSc &#8211; Gesch\u00e4ftsf\u00fchrer<br \/>\nDr. Carl Elmar Hutter &#8211; Prokurist<\/p>\n<p><strong>Beh\u00f6rde:<\/strong><br \/>\nBezirkshauptmannschaft M\u00f6dling<\/p>\n<p><strong>WKO Mitgliedsnummer:<\/strong><br \/>\n1214476<br \/>\n8210509<\/p>\n<p><strong>Firmenbuchnummer:<\/strong><br \/>\nFN 175335x<\/p>\n<p><strong>Firmenbuchgericht:<\/strong><br \/>\nHandelsgericht Wiener Neustadt<\/p>\n<p><strong>UID-Nummer:<\/strong><br \/>\nATU 45648704<\/p>\n<p><strong>Steuernummer:<\/strong><br \/>\n161170527<\/p>\n<p><strong>Telefon:<\/strong><br \/>\n+ 43 (2236) 377300<\/p>\n<p><strong>Fax:<\/strong><br \/>\n+ 43 (2236) 377300-290<\/p>\n<p><strong>E-Mail Adresse:<\/strong><br \/>\n<a href=\"mailto:at_office@chubbfs.com\" target=\"_blank\" rel=\"noopener\">at_office@chubbfs.com<\/a><\/p>\n","protected":false},"excerpt":{"rendered":"<p>Chubb \u00d6sterreich GmbH Rechtsform: Gesellschaft mit beschr\u00e4nkter Haftung Hauptsitz: Campus 21 \u2013 Businesspark Wien S\u00fcd Liebermannstra\u00dfe F03\/102 2345 Brunn am Gebirge Weitere Betriebsst\u00e4tte: Raiffeisenstra\u00dfe 1 6800 Feldkirch Vertretungsbefugte Personen: David Guerin, MBA &#8211; Gesch\u00e4ftsf\u00fchrer Herbert Szirota, MSc &#8211; Gesch\u00e4ftsf\u00fchrer Dr. Carl Elmar Hutter &#8211; Prokurist Beh\u00f6rde: Bezirkshauptmannschaft M\u00f6dling WKO Mitgliedsnummer: 1214476 8210509 Firmenbuchnummer: FN 175335x&#8230;<\/p>\n","protected":false},"author":18,"featured_media":0,"parent":0,"menu_order":102,"comment_status":"closed","ping_status":"closed","template":"page-basic.php","meta":{"_acf_changed":false,"_searchwp_excluded":"","inline_featured_image":false,"footnotes":""},"class_list":["post-4678","page","type-page","status-publish","hentry"],"acf":[],"yoast_head":"<!-- This site is optimized with the Yoast SEO plugin v25.1 - https:\/\/yoast.com\/wordpress\/plugins\/seo\/ -->\n<title>Impressum - Chubb Fire &amp; Security : AT - DE<\/title>\n<meta name=\"robots\" content=\"index, follow, max-snippet:-1, max-image-preview:large, max-video-preview:-1\" \/>\n<link rel=\"canonical\" href=\"https:\/\/chubbfs.com\/at-de\/impressum\/\" \/>\n<meta property=\"og:locale\" content=\"en_US\" \/>\n<meta property=\"og:type\" content=\"article\" \/>\n<meta property=\"og:title\" content=\"Impressum - Chubb Fire &amp; Security : AT - DE\" \/>\n<meta property=\"og:description\" content=\"Chubb \u00d6sterreich GmbH Rechtsform: Gesellschaft mit beschr\u00e4nkter Haftung Hauptsitz: Campus 21 \u2013 Businesspark Wien S\u00fcd Liebermannstra\u00dfe F03\/102 2345 Brunn am Gebirge Weitere Betriebsst\u00e4tte: Raiffeisenstra\u00dfe 1 6800 Feldkirch Vertretungsbefugte Personen: David Guerin, MBA &#8211; Gesch\u00e4ftsf\u00fchrer Herbert Szirota, MSc &#8211; Gesch\u00e4ftsf\u00fchrer Dr. Carl Elmar Hutter &#8211; Prokurist Beh\u00f6rde: Bezirkshauptmannschaft M\u00f6dling WKO Mitgliedsnummer: 1214476 8210509 Firmenbuchnummer: FN 175335x...\" \/>\n<meta property=\"og:url\" content=\"https:\/\/chubbfs.com\/at-de\/impressum\/\" \/>\n<meta property=\"og:site_name\" content=\"Chubb Fire &amp; Security : AT - DE\" \/>\n<meta property=\"article:modified_time\" content=\"2024-03-22T07:48:29+00:00\" \/>\n<meta name=\"twitter:card\" content=\"summary_large_image\" \/>\n<meta name=\"twitter:label1\" content=\"Est. reading time\" \/>\n\t<meta name=\"twitter:data1\" content=\"1 minute\" \/>\n<script type=\"application\/ld+json\" class=\"yoast-schema-graph\">{\"@context\":\"https:\/\/schema.org\",\"@graph\":[{\"@type\":\"WebPage\",\"@id\":\"https:\/\/chubbfs.com\/at-de\/impressum\/\",\"url\":\"https:\/\/chubbfs.com\/at-de\/impressum\/\",\"name\":\"Impressum - Chubb Fire &amp; Security : AT - DE\",\"isPartOf\":{\"@id\":\"https:\/\/chubbfs.com\/at-de\/#website\"},\"datePublished\":\"2022-08-31T12:56:19+00:00\",\"dateModified\":\"2024-03-22T07:48:29+00:00\",\"inLanguage\":\"en-US\",\"potentialAction\":[{\"@type\":\"ReadAction\",\"target\":[\"https:\/\/chubbfs.com\/at-de\/impressum\/\"]}]},{\"@type\":\"WebSite\",\"@id\":\"https:\/\/chubbfs.com\/at-de\/#website\",\"url\":\"https:\/\/chubbfs.com\/at-de\/\",\"name\":\"Chubb Fire &amp; Security : AT - DE\",\"description\":\"Just another WordPress site\",\"potentialAction\":[{\"@type\":\"SearchAction\",\"target\":{\"@type\":\"EntryPoint\",\"urlTemplate\":\"https:\/\/chubbfs.com\/at-de\/?s={search_term_string}\"},\"query-input\":{\"@type\":\"PropertyValueSpecification\",\"valueRequired\":true,\"valueName\":\"search_term_string\"}}],\"inLanguage\":\"en-US\"}]}<\/script>\n<!-- \/ Yoast SEO plugin. -->","yoast_head_json":{"title":"Impressum - Chubb Fire &amp; Security : AT - DE","robots":{"index":"index","follow":"follow","max-snippet":"max-snippet:-1","max-image-preview":"max-image-preview:large","max-video-preview":"max-video-preview:-1"},"canonical":"https:\/\/chubbfs.com\/at-de\/impressum\/","og_locale":"en_US","og_type":"article","og_title":"Impressum - Chubb Fire &amp; Security : AT - DE","og_description":"Chubb \u00d6sterreich GmbH Rechtsform: Gesellschaft mit beschr\u00e4nkter Haftung Hauptsitz: Campus 21 \u2013 Businesspark Wien S\u00fcd Liebermannstra\u00dfe F03\/102 2345 Brunn am Gebirge Weitere Betriebsst\u00e4tte: Raiffeisenstra\u00dfe 1 6800 Feldkirch Vertretungsbefugte Personen: David Guerin, MBA &#8211; Gesch\u00e4ftsf\u00fchrer Herbert Szirota, MSc &#8211; Gesch\u00e4ftsf\u00fchrer Dr. Carl Elmar Hutter &#8211; Prokurist Beh\u00f6rde: Bezirkshauptmannschaft M\u00f6dling WKO Mitgliedsnummer: 1214476 8210509 Firmenbuchnummer: FN 175335x...","og_url":"https:\/\/chubbfs.com\/at-de\/impressum\/","og_site_name":"Chubb Fire &amp; Security : AT - DE","article_modified_time":"2024-03-22T07:48:29+00:00","twitter_card":"summary_large_image","twitter_misc":{"Est. reading time":"1 minute"},"schema":{"@context":"https:\/\/schema.org","@graph":[{"@type":"WebPage","@id":"https:\/\/chubbfs.com\/at-de\/impressum\/","url":"https:\/\/chubbfs.com\/at-de\/impressum\/","name":"Impressum - Chubb Fire &amp; Security : AT - DE","isPartOf":{"@id":"https:\/\/chubbfs.com\/at-de\/#website"},"datePublished":"2022-08-31T12:56:19+00:00","dateModified":"2024-03-22T07:48:29+00:00","inLanguage":"en-US","potentialAction":[{"@type":"ReadAction","target":["https:\/\/chubbfs.com\/at-de\/impressum\/"]}]},{"@type":"WebSite","@id":"https:\/\/chubbfs.com\/at-de\/#website","url":"https:\/\/chubbfs.com\/at-de\/","name":"Chubb Fire &amp; Security : AT - DE","description":"Just another WordPress site","potentialAction":[{"@type":"SearchAction","target":{"@type":"EntryPoint","urlTemplate":"https:\/\/chubbfs.com\/at-de\/?s={search_term_string}"},"query-input":{"@type":"PropertyValueSpecification","valueRequired":true,"valueName":"search_term_string"}}],"inLanguage":"en-US"}]}},"_links":{"self":[{"href":"https:\/\/chubbfs.com\/at-de\/wp-json\/wp\/v2\/pages\/4678","targetHints":{"allow":["GET"]}}],"collection":[{"href":"https:\/\/chubbfs.com\/at-de\/wp-json\/wp\/v2\/pages"}],"about":[{"href":"https:\/\/chubbfs.com\/at-de\/wp-json\/wp\/v2\/types\/page"}],"author":[{"embeddable":true,"href":"https:\/\/chubbfs.com\/at-de\/wp-json\/wp\/v2\/users\/18"}],"replies":[{"embeddable":true,"href":"https:\/\/chubbfs.com\/at-de\/wp-json\/wp\/v2\/comments?post=4678"}],"version-history":[{"count":2,"href":"https:\/\/chubbfs.com\/at-de\/wp-json\/wp\/v2\/pages\/4678\/revisions"}],"predecessor-version":[{"id":6198,"href":"https:\/\/chubbfs.com\/at-de\/wp-json\/wp\/v2\/pages\/4678\/revisions\/6198"}],"wp:attachment":[{"href":"https:\/\/chubbfs.com\/at-de\/wp-json\/wp\/v2\/media?parent=4678"}],"curies":[{"name":"wp","href":"https:\/\/api.w.org\/{rel}","templated":true}]}}